{"id":3656,"date":"2026-02-28T11:16:12","date_gmt":"2026-02-28T10:16:12","guid":{"rendered":"http:\/\/198.46.190.232\/mypara\/?product=ducray-melascreen-contour-des-yeux-anti-taches-15ml"},"modified":"2026-03-31T18:27:48","modified_gmt":"2026-03-31T17:27:48","slug":"ducray-melascreen-contour-des-yeux-anti-taches-15ml","status":"publish","type":"product","link":"http:\/\/www.yespara.tn\/?product=ducray-melascreen-contour-des-yeux-anti-taches-15ml","title":{"rendered":"Ducray melascreen contour des yeux anti taches 15ml"},"content":{"rendered":"","protected":false},"excerpt":{"rendered":"<p>Le contour des yeux antitaches MELASCREEN est un soin 3 en 1 haute tol\u00e9rance sp\u00e9cialement d\u00e9velopp\u00e9 pour cette zone sensible du contour de l\u2019\u0153il pour \u00e0 la fois agir directement sur les taches brunes, les cernes bleus\/fonc\u00e9s et les rides au quotidien.<\/p>\n","protected":false},"featured_media":3655,"comment_status":"open","ping_status":"closed","template":"","meta":[],"product_brand":[],"product_cat":[2892],"product_tag":[],"class_list":{"0":"post-3656","1":"product","2":"type-product","3":"status-publish","4":"has-post-thumbnail","6":"product_cat-ducray-yeux-et-levres-soins-visage-contour-des-yeux","8":"first","9":"instock","10":"taxable","11":"shipping-taxable","12":"purchasable","13":"product-type-simple"},"_links":{"self":[{"href":"http:\/\/www.yespara.tn\/index.php?rest_route=\/wp\/v2\/product\/3656","targetHints":{"allow":["GET"]}}],"collection":[{"href":"http:\/\/www.yespara.tn\/index.php?rest_route=\/wp\/v2\/product"}],"about":[{"href":"http:\/\/www.yespara.tn\/index.php?rest_route=\/wp\/v2\/types\/product"}],"replies":[{"embeddable":true,"href":"http:\/\/www.yespara.tn\/index.php?rest_route=%2Fwp%2Fv2%2Fcomments&post=3656"}],"wp:featuredmedia":[{"embeddable":true,"href":"http:\/\/www.yespara.tn\/index.php?rest_route=\/wp\/v2\/media\/3655"}],"wp:attachment":[{"href":"http:\/\/www.yespara.tn\/index.php?rest_route=%2Fwp%2Fv2%2Fmedia&parent=3656"}],"wp:term":[{"taxonomy":"product_brand","embeddable":true,"href":"http:\/\/www.yespara.tn\/index.php?rest_route=%2Fwp%2Fv2%2Fproduct_brand&post=3656"},{"taxonomy":"product_cat","embeddable":true,"href":"http:\/\/www.yespara.tn\/index.php?rest_route=%2Fwp%2Fv2%2Fproduct_cat&post=3656"},{"taxonomy":"product_tag","embeddable":true,"href":"http:\/\/www.yespara.tn\/index.php?rest_route=%2Fwp%2Fv2%2Fproduct_tag&post=3656"}],"curies":[{"name":"wp","href":"https:\/\/api.w.org\/{rel}","templated":true}]}}