{"id":3654,"date":"2026-02-28T11:16:10","date_gmt":"2026-02-28T10:16:10","guid":{"rendered":"http:\/\/198.46.190.232\/mypara\/?product=svr-sebiaclear-gel-moussant-recharge-400ml"},"modified":"2026-03-31T18:27:48","modified_gmt":"2026-03-31T17:27:48","slug":"svr-sebiaclear-gel-moussant-recharge-400ml","status":"publish","type":"product","link":"http:\/\/www.yespara.tn\/?product=svr-sebiaclear-gel-moussant-recharge-400ml","title":{"rendered":"SVR Sebiaclear Gel Moussant Recharge 400ml"},"content":{"rendered":"","protected":false},"excerpt":{"rendered":"<p>SEBIACLEAR est la nouvelle gamme r\u00e9volutionnaire de SVR qui \u00e9limine les boutons, les points noirs et l\u2019exc\u00e8s de s\u00e9bum. Une haute efficacit\u00e9 associ\u00e9e \u00e0 une tol\u00e9rance optimale, le plaisir d\u2019utilisation en plus.<\/p>\n","protected":false},"featured_media":3653,"comment_status":"open","ping_status":"closed","template":"","meta":[],"product_brand":[],"product_cat":[2128,2409],"product_tag":[],"class_list":{"0":"post-3654","1":"product","2":"type-product","3":"status-publish","4":"has-post-thumbnail","6":"product_cat-demaquillants","7":"product_cat-svr-soins-visage-gels-nettoyants","9":"first","10":"instock","11":"taxable","12":"shipping-taxable","13":"purchasable","14":"product-type-simple"},"_links":{"self":[{"href":"http:\/\/www.yespara.tn\/index.php?rest_route=\/wp\/v2\/product\/3654","targetHints":{"allow":["GET"]}}],"collection":[{"href":"http:\/\/www.yespara.tn\/index.php?rest_route=\/wp\/v2\/product"}],"about":[{"href":"http:\/\/www.yespara.tn\/index.php?rest_route=\/wp\/v2\/types\/product"}],"replies":[{"embeddable":true,"href":"http:\/\/www.yespara.tn\/index.php?rest_route=%2Fwp%2Fv2%2Fcomments&post=3654"}],"wp:featuredmedia":[{"embeddable":true,"href":"http:\/\/www.yespara.tn\/index.php?rest_route=\/wp\/v2\/media\/3653"}],"wp:attachment":[{"href":"http:\/\/www.yespara.tn\/index.php?rest_route=%2Fwp%2Fv2%2Fmedia&parent=3654"}],"wp:term":[{"taxonomy":"product_brand","embeddable":true,"href":"http:\/\/www.yespara.tn\/index.php?rest_route=%2Fwp%2Fv2%2Fproduct_brand&post=3654"},{"taxonomy":"product_cat","embeddable":true,"href":"http:\/\/www.yespara.tn\/index.php?rest_route=%2Fwp%2Fv2%2Fproduct_cat&post=3654"},{"taxonomy":"product_tag","embeddable":true,"href":"http:\/\/www.yespara.tn\/index.php?rest_route=%2Fwp%2Fv2%2Fproduct_tag&post=3654"}],"curies":[{"name":"wp","href":"https:\/\/api.w.org\/{rel}","templated":true}]}}