{"id":3652,"date":"2026-02-28T11:16:09","date_gmt":"2026-02-28T10:16:09","guid":{"rendered":"http:\/\/198.46.190.232\/mypara\/?product=dermaceutic-foamer-15-100-ml"},"modified":"2026-03-31T18:27:48","modified_gmt":"2026-03-31T17:27:48","slug":"dermaceutic-foamer-15-100-ml","status":"publish","type":"product","link":"http:\/\/www.yespara.tn\/?product=dermaceutic-foamer-15-100-ml","title":{"rendered":"DERMACEUTIC foamer 15 100 ML"},"content":{"rendered":"","protected":false},"excerpt":{"rendered":"<p>\u2728 Purifiant : Lib\u00e8re la peau en profondeur de toutes ses impuret\u00e9s pour un teint frais et \u00e9clatant. \ud83c\udf3f<\/p>\n","protected":false},"featured_media":3651,"comment_status":"open","ping_status":"closed","template":"","meta":[],"product_brand":[],"product_cat":[2128,2891,2640,2596],"product_tag":[],"class_list":{"0":"post-3652","1":"product","2":"type-product","3":"status-publish","4":"has-post-thumbnail","6":"product_cat-demaquillants","7":"product_cat-dermaceutic-soins-visage-emulsion","8":"product_cat-lait-nettoyants-visage","9":"product_cat-mousse","11":"first","12":"instock","13":"taxable","14":"shipping-taxable","15":"purchasable","16":"product-type-simple"},"_links":{"self":[{"href":"http:\/\/www.yespara.tn\/index.php?rest_route=\/wp\/v2\/product\/3652","targetHints":{"allow":["GET"]}}],"collection":[{"href":"http:\/\/www.yespara.tn\/index.php?rest_route=\/wp\/v2\/product"}],"about":[{"href":"http:\/\/www.yespara.tn\/index.php?rest_route=\/wp\/v2\/types\/product"}],"replies":[{"embeddable":true,"href":"http:\/\/www.yespara.tn\/index.php?rest_route=%2Fwp%2Fv2%2Fcomments&post=3652"}],"wp:featuredmedia":[{"embeddable":true,"href":"http:\/\/www.yespara.tn\/index.php?rest_route=\/wp\/v2\/media\/3651"}],"wp:attachment":[{"href":"http:\/\/www.yespara.tn\/index.php?rest_route=%2Fwp%2Fv2%2Fmedia&parent=3652"}],"wp:term":[{"taxonomy":"product_brand","embeddable":true,"href":"http:\/\/www.yespara.tn\/index.php?rest_route=%2Fwp%2Fv2%2Fproduct_brand&post=3652"},{"taxonomy":"product_cat","embeddable":true,"href":"http:\/\/www.yespara.tn\/index.php?rest_route=%2Fwp%2Fv2%2Fproduct_cat&post=3652"},{"taxonomy":"product_tag","embeddable":true,"href":"http:\/\/www.yespara.tn\/index.php?rest_route=%2Fwp%2Fv2%2Fproduct_tag&post=3652"}],"curies":[{"name":"wp","href":"https:\/\/api.w.org\/{rel}","templated":true}]}}