{"id":3646,"date":"2026-02-28T11:16:05","date_gmt":"2026-02-28T10:16:05","guid":{"rendered":"http:\/\/198.46.190.232\/mypara\/?product=aderma-dermalibour-barrier-cica-gel-200-ml"},"modified":"2026-03-31T18:27:49","modified_gmt":"2026-03-31T17:27:49","slug":"aderma-dermalibour-barrier-cica-gel-200-ml","status":"publish","type":"product","link":"http:\/\/www.yespara.tn\/?product=aderma-dermalibour-barrier-cica-gel-200-ml","title":{"rendered":"aderma dermalibour + barrier cica gel 200 ml"},"content":{"rendered":"","protected":false},"excerpt":{"rendered":"<p>Ce CICA-Gel moussant, \u00e0 90% d\u2019ingr\u00e9dients d\u2019origine naturelle, nettoie en douceur, apaise imm\u00e9diatement (-45% de d\u00e9mangeaisons\u00b9) et assainit les peaux irrit\u00e9es et fragilis\u00e9es de toute la famille. Sans savon. Sans parfum. Formule BIODEGRADABLE*. Haute tol\u00e9rance.<\/p>\n","protected":false},"featured_media":3645,"comment_status":"open","ping_status":"closed","template":"","meta":[],"product_brand":[],"product_cat":[2885,2128,2640,2596],"product_tag":[],"class_list":{"0":"post-3646","1":"product","2":"type-product","3":"status-publish","4":"has-post-thumbnail","6":"product_cat-a-derma-emulsion","7":"product_cat-demaquillants","8":"product_cat-lait-nettoyants-visage","9":"product_cat-mousse","11":"first","12":"instock","13":"taxable","14":"shipping-taxable","15":"purchasable","16":"product-type-simple"},"_links":{"self":[{"href":"http:\/\/www.yespara.tn\/index.php?rest_route=\/wp\/v2\/product\/3646","targetHints":{"allow":["GET"]}}],"collection":[{"href":"http:\/\/www.yespara.tn\/index.php?rest_route=\/wp\/v2\/product"}],"about":[{"href":"http:\/\/www.yespara.tn\/index.php?rest_route=\/wp\/v2\/types\/product"}],"replies":[{"embeddable":true,"href":"http:\/\/www.yespara.tn\/index.php?rest_route=%2Fwp%2Fv2%2Fcomments&post=3646"}],"wp:featuredmedia":[{"embeddable":true,"href":"http:\/\/www.yespara.tn\/index.php?rest_route=\/wp\/v2\/media\/3645"}],"wp:attachment":[{"href":"http:\/\/www.yespara.tn\/index.php?rest_route=%2Fwp%2Fv2%2Fmedia&parent=3646"}],"wp:term":[{"taxonomy":"product_brand","embeddable":true,"href":"http:\/\/www.yespara.tn\/index.php?rest_route=%2Fwp%2Fv2%2Fproduct_brand&post=3646"},{"taxonomy":"product_cat","embeddable":true,"href":"http:\/\/www.yespara.tn\/index.php?rest_route=%2Fwp%2Fv2%2Fproduct_cat&post=3646"},{"taxonomy":"product_tag","embeddable":true,"href":"http:\/\/www.yespara.tn\/index.php?rest_route=%2Fwp%2Fv2%2Fproduct_tag&post=3646"}],"curies":[{"name":"wp","href":"https:\/\/api.w.org\/{rel}","templated":true}]}}