{"id":3640,"date":"2026-02-28T11:16:01","date_gmt":"2026-02-28T10:16:01","guid":{"rendered":"http:\/\/198.46.190.232\/mypara\/?product=aderma-epitheliale-ah-ultra-spf-50-40-ml"},"modified":"2026-03-31T18:27:49","modified_gmt":"2026-03-31T17:27:49","slug":"aderma-epitheliale-ah-ultra-spf-50-40-ml","status":"publish","type":"product","link":"http:\/\/www.yespara.tn\/?product=aderma-epitheliale-ah-ultra-spf-50-40-ml","title":{"rendered":"ADERMA EPITHELIALE ah ultra SPF 50+ 40 ml"},"content":{"rendered":"","protected":false},"excerpt":{"rendered":"<p>EPITHELIALE A.H ULTRA SPF50+ Cr\u00e8me r\u00e9paratrice protectrice est d\u00e9di\u00e9e aux peaux fragilis\u00e9es suite \u00e0 des atteintes cutan\u00e9es superficielles.<\/p>\n","protected":false},"featured_media":3639,"comment_status":"open","ping_status":"closed","template":"","meta":[],"product_brand":[],"product_cat":[2884],"product_tag":[],"class_list":{"0":"post-3640","1":"product","2":"type-product","3":"status-publish","4":"has-post-thumbnail","6":"product_cat-a-derma-soins-hydratants-et-nourrissants-peaux-sensibles","8":"first","9":"instock","10":"taxable","11":"shipping-taxable","12":"purchasable","13":"product-type-simple"},"_links":{"self":[{"href":"http:\/\/www.yespara.tn\/index.php?rest_route=\/wp\/v2\/product\/3640","targetHints":{"allow":["GET"]}}],"collection":[{"href":"http:\/\/www.yespara.tn\/index.php?rest_route=\/wp\/v2\/product"}],"about":[{"href":"http:\/\/www.yespara.tn\/index.php?rest_route=\/wp\/v2\/types\/product"}],"replies":[{"embeddable":true,"href":"http:\/\/www.yespara.tn\/index.php?rest_route=%2Fwp%2Fv2%2Fcomments&post=3640"}],"wp:featuredmedia":[{"embeddable":true,"href":"http:\/\/www.yespara.tn\/index.php?rest_route=\/wp\/v2\/media\/3639"}],"wp:attachment":[{"href":"http:\/\/www.yespara.tn\/index.php?rest_route=%2Fwp%2Fv2%2Fmedia&parent=3640"}],"wp:term":[{"taxonomy":"product_brand","embeddable":true,"href":"http:\/\/www.yespara.tn\/index.php?rest_route=%2Fwp%2Fv2%2Fproduct_brand&post=3640"},{"taxonomy":"product_cat","embeddable":true,"href":"http:\/\/www.yespara.tn\/index.php?rest_route=%2Fwp%2Fv2%2Fproduct_cat&post=3640"},{"taxonomy":"product_tag","embeddable":true,"href":"http:\/\/www.yespara.tn\/index.php?rest_route=%2Fwp%2Fv2%2Fproduct_tag&post=3640"}],"curies":[{"name":"wp","href":"https:\/\/api.w.org\/{rel}","templated":true}]}}