{"id":3632,"date":"2026-02-28T11:15:53","date_gmt":"2026-02-28T10:15:53","guid":{"rendered":"http:\/\/198.46.190.232\/mypara\/?product=mustella-eau-nettoyante-sans-rincage-500-ml"},"modified":"2026-03-31T18:27:49","modified_gmt":"2026-03-31T17:27:49","slug":"mustella-eau-nettoyante-sans-rincage-500-ml","status":"publish","type":"product","link":"http:\/\/www.yespara.tn\/?product=mustella-eau-nettoyante-sans-rincage-500-ml","title":{"rendered":"mustella eau nettoyante sans rincage 500 ml"},"content":{"rendered":"","protected":false},"excerpt":{"rendered":"<p>Nettoie efficacement et un seul geste toutes les impuret\u00e9s m\u00eame rebelles (cr\u00e8mes change r\u00e9sistantes \u00e0 l\u2019eau par exemple). Respecte les peaux d\u00e9licates gr\u00e2ce \u00e0 sa haute tol\u00e9rance cutan\u00e9e et oculaire. Adoucit, apaise et hydrate gr\u00e2ce notamment \u00e0 lAloe vera et lallanto\u00efne. Sans alcool, sans savon, pH neutre.<\/p>\n","protected":false},"featured_media":3631,"comment_status":"open","ping_status":"closed","template":"","meta":[],"product_brand":[],"product_cat":[2128,2170,2880],"product_tag":[],"class_list":{"0":"post-3632","1":"product","2":"type-product","3":"status-publish","4":"has-post-thumbnail","6":"product_cat-demaquillants","7":"product_cat-eau-tonique","8":"product_cat-mustela","10":"first","11":"instock","12":"taxable","13":"shipping-taxable","14":"purchasable","15":"product-type-simple"},"_links":{"self":[{"href":"http:\/\/www.yespara.tn\/index.php?rest_route=\/wp\/v2\/product\/3632","targetHints":{"allow":["GET"]}}],"collection":[{"href":"http:\/\/www.yespara.tn\/index.php?rest_route=\/wp\/v2\/product"}],"about":[{"href":"http:\/\/www.yespara.tn\/index.php?rest_route=\/wp\/v2\/types\/product"}],"replies":[{"embeddable":true,"href":"http:\/\/www.yespara.tn\/index.php?rest_route=%2Fwp%2Fv2%2Fcomments&post=3632"}],"wp:featuredmedia":[{"embeddable":true,"href":"http:\/\/www.yespara.tn\/index.php?rest_route=\/wp\/v2\/media\/3631"}],"wp:attachment":[{"href":"http:\/\/www.yespara.tn\/index.php?rest_route=%2Fwp%2Fv2%2Fmedia&parent=3632"}],"wp:term":[{"taxonomy":"product_brand","embeddable":true,"href":"http:\/\/www.yespara.tn\/index.php?rest_route=%2Fwp%2Fv2%2Fproduct_brand&post=3632"},{"taxonomy":"product_cat","embeddable":true,"href":"http:\/\/www.yespara.tn\/index.php?rest_route=%2Fwp%2Fv2%2Fproduct_cat&post=3632"},{"taxonomy":"product_tag","embeddable":true,"href":"http:\/\/www.yespara.tn\/index.php?rest_route=%2Fwp%2Fv2%2Fproduct_tag&post=3632"}],"curies":[{"name":"wp","href":"https:\/\/api.w.org\/{rel}","templated":true}]}}