{"id":3626,"date":"2026-02-28T11:15:49","date_gmt":"2026-02-28T10:15:49","guid":{"rendered":"http:\/\/198.46.190.232\/mypara\/?product=jonzac-pure-gel-nettoyant-purifiant-400ml"},"modified":"2026-03-31T18:27:50","modified_gmt":"2026-03-31T17:27:50","slug":"jonzac-pure-gel-nettoyant-purifiant-400ml","status":"publish","type":"product","link":"http:\/\/www.yespara.tn\/?product=jonzac-pure-gel-nettoyant-purifiant-400ml","title":{"rendered":"jonzac pure gel nettoyant purifiant 400ml"},"content":{"rendered":"","protected":false},"excerpt":{"rendered":"<p>Pour nettoyer les peaux mixtes \u00e0 grasses, les purifier, limiter la s\u00e9cr\u00e9tion de s\u00e9bum et les petits boutons et imperfections. Visage et corps.<\/p>\n","protected":false},"featured_media":3625,"comment_status":"open","ping_status":"closed","template":"","meta":[],"product_brand":[],"product_cat":[2128,2875],"product_tag":[],"class_list":{"0":"post-3626","1":"product","2":"type-product","3":"status-publish","4":"has-post-thumbnail","6":"product_cat-demaquillants","7":"product_cat-jonzac-soins-visage-gels-nettoyants","9":"first","10":"instock","11":"taxable","12":"shipping-taxable","13":"purchasable","14":"product-type-simple"},"_links":{"self":[{"href":"http:\/\/www.yespara.tn\/index.php?rest_route=\/wp\/v2\/product\/3626","targetHints":{"allow":["GET"]}}],"collection":[{"href":"http:\/\/www.yespara.tn\/index.php?rest_route=\/wp\/v2\/product"}],"about":[{"href":"http:\/\/www.yespara.tn\/index.php?rest_route=\/wp\/v2\/types\/product"}],"replies":[{"embeddable":true,"href":"http:\/\/www.yespara.tn\/index.php?rest_route=%2Fwp%2Fv2%2Fcomments&post=3626"}],"wp:featuredmedia":[{"embeddable":true,"href":"http:\/\/www.yespara.tn\/index.php?rest_route=\/wp\/v2\/media\/3625"}],"wp:attachment":[{"href":"http:\/\/www.yespara.tn\/index.php?rest_route=%2Fwp%2Fv2%2Fmedia&parent=3626"}],"wp:term":[{"taxonomy":"product_brand","embeddable":true,"href":"http:\/\/www.yespara.tn\/index.php?rest_route=%2Fwp%2Fv2%2Fproduct_brand&post=3626"},{"taxonomy":"product_cat","embeddable":true,"href":"http:\/\/www.yespara.tn\/index.php?rest_route=%2Fwp%2Fv2%2Fproduct_cat&post=3626"},{"taxonomy":"product_tag","embeddable":true,"href":"http:\/\/www.yespara.tn\/index.php?rest_route=%2Fwp%2Fv2%2Fproduct_tag&post=3626"}],"curies":[{"name":"wp","href":"https:\/\/api.w.org\/{rel}","templated":true}]}}