{"id":3614,"date":"2026-02-28T11:15:42","date_gmt":"2026-02-28T10:15:42","guid":{"rendered":"http:\/\/198.46.190.232\/mypara\/?product=proderma-dermalight-triple-action-%e2%80%90-creme-teintee-spf-50"},"modified":"2026-03-31T18:27:50","modified_gmt":"2026-03-31T17:27:50","slug":"proderma-dermalight-triple-action-%e2%80%90-creme-teintee-spf-50","status":"publish","type":"product","link":"http:\/\/www.yespara.tn\/?product=proderma-dermalight-triple-action-%e2%80%90-creme-teintee-spf-50","title":{"rendered":"proderma dermalight triple action \u2010 creme teintee spf 50"},"content":{"rendered":"","protected":false},"excerpt":{"rendered":"<p>\ud83d\udee1\ufe0f SPF 50+ : Bouclier solaire contre les UVA\/UVB \u2728 \u00c9claircit visiblement les taches et unifie le teint \ud83d\udc84 Effet maquillage l\u00e9ger \u2013 Teinte naturelle &#038; finition mate \ud83d\udca7 Hydrate sans brillance \u2013 Convient aux peaux mixtes \u00e0 grasses \ud83c\udf3f Texture l\u00e9g\u00e8re, non com\u00e9dog\u00e8ne \u2013 Parfaite pour une utilisation quotidienne<\/p>\n","protected":false},"featured_media":3613,"comment_status":"open","ping_status":"closed","template":"","meta":[],"product_brand":[],"product_cat":[2864],"product_tag":[],"class_list":{"0":"post-3614","1":"product","2":"type-product","3":"status-publish","4":"has-post-thumbnail","6":"product_cat-proderma-soins-solaires-soins-hydratants-et-nourrissants-cremes-solaires","8":"first","9":"instock","10":"taxable","11":"shipping-taxable","12":"purchasable","13":"product-type-simple"},"_links":{"self":[{"href":"http:\/\/www.yespara.tn\/index.php?rest_route=\/wp\/v2\/product\/3614","targetHints":{"allow":["GET"]}}],"collection":[{"href":"http:\/\/www.yespara.tn\/index.php?rest_route=\/wp\/v2\/product"}],"about":[{"href":"http:\/\/www.yespara.tn\/index.php?rest_route=\/wp\/v2\/types\/product"}],"replies":[{"embeddable":true,"href":"http:\/\/www.yespara.tn\/index.php?rest_route=%2Fwp%2Fv2%2Fcomments&post=3614"}],"wp:featuredmedia":[{"embeddable":true,"href":"http:\/\/www.yespara.tn\/index.php?rest_route=\/wp\/v2\/media\/3613"}],"wp:attachment":[{"href":"http:\/\/www.yespara.tn\/index.php?rest_route=%2Fwp%2Fv2%2Fmedia&parent=3614"}],"wp:term":[{"taxonomy":"product_brand","embeddable":true,"href":"http:\/\/www.yespara.tn\/index.php?rest_route=%2Fwp%2Fv2%2Fproduct_brand&post=3614"},{"taxonomy":"product_cat","embeddable":true,"href":"http:\/\/www.yespara.tn\/index.php?rest_route=%2Fwp%2Fv2%2Fproduct_cat&post=3614"},{"taxonomy":"product_tag","embeddable":true,"href":"http:\/\/www.yespara.tn\/index.php?rest_route=%2Fwp%2Fv2%2Fproduct_tag&post=3614"}],"curies":[{"name":"wp","href":"https:\/\/api.w.org\/{rel}","templated":true}]}}