{"id":3606,"date":"2026-02-28T11:15:36","date_gmt":"2026-02-28T10:15:36","guid":{"rendered":"http:\/\/198.46.190.232\/mypara\/?product=clarenia-hydra-effect-mousse-nettoyante-hydratante-150ml"},"modified":"2026-03-31T18:27:51","modified_gmt":"2026-03-31T17:27:51","slug":"clarenia-hydra-effect-mousse-nettoyante-hydratante-150ml","status":"publish","type":"product","link":"http:\/\/www.yespara.tn\/?product=clarenia-hydra-effect-mousse-nettoyante-hydratante-150ml","title":{"rendered":"CLARENIA hydra effect+ mousse nettoyante hydratante 150ml"},"content":{"rendered":"","protected":false},"excerpt":{"rendered":"<p>La Clarenia Mousse Nettoyante Hydratante est formul\u00e9e pour un nettoyage cutan\u00e9 respectueux de la physiologie de la peau, tout en apportant une hydratation ad\u00e9quate. Sa composition int\u00e8gre un complexe d\u2019humectants, parmi lesquels figure l\u2019acide hyaluronique et lavitamine B5 aux propri\u00e9t\u00e9s \u00e9mollientes et r\u00e9paratrices.<\/p>\n","protected":false},"featured_media":3605,"comment_status":"open","ping_status":"closed","template":"","meta":[],"product_brand":[],"product_cat":[2854,2128,2640,2596],"product_tag":[],"class_list":{"0":"post-3606","1":"product","2":"type-product","3":"status-publish","4":"has-post-thumbnail","6":"product_cat-clarenia-emulsion","7":"product_cat-demaquillants","8":"product_cat-lait-nettoyants-visage","9":"product_cat-mousse","11":"first","12":"instock","13":"taxable","14":"shipping-taxable","15":"purchasable","16":"product-type-simple"},"_links":{"self":[{"href":"http:\/\/www.yespara.tn\/index.php?rest_route=\/wp\/v2\/product\/3606","targetHints":{"allow":["GET"]}}],"collection":[{"href":"http:\/\/www.yespara.tn\/index.php?rest_route=\/wp\/v2\/product"}],"about":[{"href":"http:\/\/www.yespara.tn\/index.php?rest_route=\/wp\/v2\/types\/product"}],"replies":[{"embeddable":true,"href":"http:\/\/www.yespara.tn\/index.php?rest_route=%2Fwp%2Fv2%2Fcomments&post=3606"}],"wp:featuredmedia":[{"embeddable":true,"href":"http:\/\/www.yespara.tn\/index.php?rest_route=\/wp\/v2\/media\/3605"}],"wp:attachment":[{"href":"http:\/\/www.yespara.tn\/index.php?rest_route=%2Fwp%2Fv2%2Fmedia&parent=3606"}],"wp:term":[{"taxonomy":"product_brand","embeddable":true,"href":"http:\/\/www.yespara.tn\/index.php?rest_route=%2Fwp%2Fv2%2Fproduct_brand&post=3606"},{"taxonomy":"product_cat","embeddable":true,"href":"http:\/\/www.yespara.tn\/index.php?rest_route=%2Fwp%2Fv2%2Fproduct_cat&post=3606"},{"taxonomy":"product_tag","embeddable":true,"href":"http:\/\/www.yespara.tn\/index.php?rest_route=%2Fwp%2Fv2%2Fproduct_tag&post=3606"}],"curies":[{"name":"wp","href":"https:\/\/api.w.org\/{rel}","templated":true}]}}