{"id":3604,"date":"2026-02-28T11:15:31","date_gmt":"2026-02-28T10:15:31","guid":{"rendered":"http:\/\/198.46.190.232\/mypara\/?product=clarenia-hydra-effect-lotion-micellaire-hydra%e2%80%90apaisante-200ml"},"modified":"2026-03-31T18:27:51","modified_gmt":"2026-03-31T17:27:51","slug":"clarenia-hydra-effect-lotion-micellaire-hydra%e2%80%90apaisante-200ml","status":"publish","type":"product","link":"http:\/\/www.yespara.tn\/?product=clarenia-hydra-effect-lotion-micellaire-hydra%e2%80%90apaisante-200ml","title":{"rendered":"clarenia hydra effect+ lotion micellaire hydra\u2010apaisante 200ml"},"content":{"rendered":"","protected":false},"excerpt":{"rendered":"<p>Clarenia Lotion Micellaire Hydre-Apaisante est con\u00e7ue pour offrir un nettoyage cutan\u00e9 efficace tout en pr\u00e9servant une sensation d\u2019hydratation. Cette formulation int\u00e8gre des agents nettoyants doux qui \u00e9liminent les impuret\u00e9s sans perturber l\u2019\u00e9quilibre naturel de la peau. Parall\u00e8lement, l\u2019inclusion d\u2019acide hyaluronique assure une hydratation, contribuant \u00e0 un sentiment de fra\u00eecheur et de confort apr\u00e8s le nettoyage. Ainsi, la lotion agit \u00e0 double effet : elle purifie la peau tout en maintienant son hydratation, favorisant une apparence saine et \u00e9quilibr\u00e9e.<\/p>\n","protected":false},"featured_media":3603,"comment_status":"open","ping_status":"closed","template":"","meta":[],"product_brand":[],"product_cat":[2853,2128,2170],"product_tag":[],"class_list":{"0":"post-3604","1":"product","2":"type-product","3":"status-publish","4":"has-post-thumbnail","6":"product_cat-clarenia-soins-visage-lotion","7":"product_cat-demaquillants","8":"product_cat-eau-tonique","10":"first","11":"instock","12":"taxable","13":"shipping-taxable","14":"purchasable","15":"product-type-simple"},"_links":{"self":[{"href":"http:\/\/www.yespara.tn\/index.php?rest_route=\/wp\/v2\/product\/3604","targetHints":{"allow":["GET"]}}],"collection":[{"href":"http:\/\/www.yespara.tn\/index.php?rest_route=\/wp\/v2\/product"}],"about":[{"href":"http:\/\/www.yespara.tn\/index.php?rest_route=\/wp\/v2\/types\/product"}],"replies":[{"embeddable":true,"href":"http:\/\/www.yespara.tn\/index.php?rest_route=%2Fwp%2Fv2%2Fcomments&post=3604"}],"wp:featuredmedia":[{"embeddable":true,"href":"http:\/\/www.yespara.tn\/index.php?rest_route=\/wp\/v2\/media\/3603"}],"wp:attachment":[{"href":"http:\/\/www.yespara.tn\/index.php?rest_route=%2Fwp%2Fv2%2Fmedia&parent=3604"}],"wp:term":[{"taxonomy":"product_brand","embeddable":true,"href":"http:\/\/www.yespara.tn\/index.php?rest_route=%2Fwp%2Fv2%2Fproduct_brand&post=3604"},{"taxonomy":"product_cat","embeddable":true,"href":"http:\/\/www.yespara.tn\/index.php?rest_route=%2Fwp%2Fv2%2Fproduct_cat&post=3604"},{"taxonomy":"product_tag","embeddable":true,"href":"http:\/\/www.yespara.tn\/index.php?rest_route=%2Fwp%2Fv2%2Fproduct_tag&post=3604"}],"curies":[{"name":"wp","href":"https:\/\/api.w.org\/{rel}","templated":true}]}}