{"id":3602,"date":"2026-02-28T11:15:30","date_gmt":"2026-02-28T10:15:30","guid":{"rendered":"http:\/\/198.46.190.232\/mypara\/?product=clarenia-hb3-creme-hydratante-visage-riche-50ml"},"modified":"2026-03-31T18:27:51","modified_gmt":"2026-03-31T17:27:51","slug":"clarenia-hb3-creme-hydratante-visage-riche-50ml","status":"publish","type":"product","link":"http:\/\/www.yespara.tn\/?product=clarenia-hb3-creme-hydratante-visage-riche-50ml","title":{"rendered":"clarenia hb3 creme hydratante visage riche 50ml"},"content":{"rendered":"","protected":false},"excerpt":{"rendered":"<p>La Cr\u00e8me Hydratante Clarenia HB3 est une formulation dermatologique con\u00e7ue pour les peaux normales \u00e0 s\u00e8ches souffrant de d\u00e9shydratation et de sensations d\u2019inconfort. Cette cr\u00e8me riche agit en renfor\u00e7ant la barri\u00e8re cutan\u00e9e, un m\u00e9canisme cl\u00e9 pour pr\u00e9server l\u2019hydratation intracellulaire et pr\u00e9venir la perte trans\u00e9pidermique d\u2019eau. En stabilisant cette barri\u00e8re lipidique, la cr\u00e8me assure une r\u00e9tention d\u2019humidit\u00e9 efficace, essentielle pour contrer la s\u00e9cheresse et les tiraillements. L\u2019application r\u00e9guli\u00e8re permet d\u2019am\u00e9liorer la plasticit\u00e9 de la peau, la rendant plus souple et douce.<\/p>\n","protected":false},"featured_media":3601,"comment_status":"open","ping_status":"closed","template":"","meta":[],"product_brand":[],"product_cat":[2165],"product_tag":[],"class_list":{"0":"post-3602","1":"product","2":"type-product","3":"status-publish","4":"has-post-thumbnail","6":"product_cat-soins-visage-soins-hydratants-et-nourrissants-2","8":"first","9":"instock","10":"taxable","11":"shipping-taxable","12":"purchasable","13":"product-type-simple"},"_links":{"self":[{"href":"http:\/\/www.yespara.tn\/index.php?rest_route=\/wp\/v2\/product\/3602","targetHints":{"allow":["GET"]}}],"collection":[{"href":"http:\/\/www.yespara.tn\/index.php?rest_route=\/wp\/v2\/product"}],"about":[{"href":"http:\/\/www.yespara.tn\/index.php?rest_route=\/wp\/v2\/types\/product"}],"replies":[{"embeddable":true,"href":"http:\/\/www.yespara.tn\/index.php?rest_route=%2Fwp%2Fv2%2Fcomments&post=3602"}],"wp:featuredmedia":[{"embeddable":true,"href":"http:\/\/www.yespara.tn\/index.php?rest_route=\/wp\/v2\/media\/3601"}],"wp:attachment":[{"href":"http:\/\/www.yespara.tn\/index.php?rest_route=%2Fwp%2Fv2%2Fmedia&parent=3602"}],"wp:term":[{"taxonomy":"product_brand","embeddable":true,"href":"http:\/\/www.yespara.tn\/index.php?rest_route=%2Fwp%2Fv2%2Fproduct_brand&post=3602"},{"taxonomy":"product_cat","embeddable":true,"href":"http:\/\/www.yespara.tn\/index.php?rest_route=%2Fwp%2Fv2%2Fproduct_cat&post=3602"},{"taxonomy":"product_tag","embeddable":true,"href":"http:\/\/www.yespara.tn\/index.php?rest_route=%2Fwp%2Fv2%2Fproduct_tag&post=3602"}],"curies":[{"name":"wp","href":"https:\/\/api.w.org\/{rel}","templated":true}]}}