{"id":3600,"date":"2026-02-28T11:15:29","date_gmt":"2026-02-28T10:15:29","guid":{"rendered":"http:\/\/198.46.190.232\/mypara\/?product=clarenia-hb3-creme-hydratante-visage-legere-50ml"},"modified":"2026-03-31T18:27:51","modified_gmt":"2026-03-31T17:27:51","slug":"clarenia-hb3-creme-hydratante-visage-legere-50ml","status":"publish","type":"product","link":"http:\/\/www.yespara.tn\/?product=clarenia-hb3-creme-hydratante-visage-legere-50ml","title":{"rendered":"CLARENIA hb3 creme hydratante visage legere 50ml"},"content":{"rendered":"","protected":false},"excerpt":{"rendered":"<p>La Clarenia HB3 est une cr\u00e8me hydratante de formulation sp\u00e9cialement con\u00e7ue pour les peaux mixtes \u00e0 grasses. Sa texture l\u00e9g\u00e8re p\u00e9n\u00e8tre rapidement sans laisser de r\u00e9sidu brillant, tout en fournissant une hydratation optimale. En outre, elle contient des r\u00e9gulateurs de s\u00e9bum qui aident \u00e0 normaliser la production de lipides cutan\u00e9s, maintenant ainsi un teint hydrat\u00e9 et matifi\u00e9.<\/p>\n","protected":false},"featured_media":3599,"comment_status":"open","ping_status":"closed","template":"","meta":[],"product_brand":[],"product_cat":[2852],"product_tag":[],"class_list":{"0":"post-3600","1":"product","2":"type-product","3":"status-publish","4":"has-post-thumbnail","6":"product_cat-clarenia-soins-visage-soins-hydratants-et-nourrissants-2","8":"first","9":"instock","10":"taxable","11":"shipping-taxable","12":"purchasable","13":"product-type-simple"},"_links":{"self":[{"href":"http:\/\/www.yespara.tn\/index.php?rest_route=\/wp\/v2\/product\/3600","targetHints":{"allow":["GET"]}}],"collection":[{"href":"http:\/\/www.yespara.tn\/index.php?rest_route=\/wp\/v2\/product"}],"about":[{"href":"http:\/\/www.yespara.tn\/index.php?rest_route=\/wp\/v2\/types\/product"}],"replies":[{"embeddable":true,"href":"http:\/\/www.yespara.tn\/index.php?rest_route=%2Fwp%2Fv2%2Fcomments&post=3600"}],"wp:featuredmedia":[{"embeddable":true,"href":"http:\/\/www.yespara.tn\/index.php?rest_route=\/wp\/v2\/media\/3599"}],"wp:attachment":[{"href":"http:\/\/www.yespara.tn\/index.php?rest_route=%2Fwp%2Fv2%2Fmedia&parent=3600"}],"wp:term":[{"taxonomy":"product_brand","embeddable":true,"href":"http:\/\/www.yespara.tn\/index.php?rest_route=%2Fwp%2Fv2%2Fproduct_brand&post=3600"},{"taxonomy":"product_cat","embeddable":true,"href":"http:\/\/www.yespara.tn\/index.php?rest_route=%2Fwp%2Fv2%2Fproduct_cat&post=3600"},{"taxonomy":"product_tag","embeddable":true,"href":"http:\/\/www.yespara.tn\/index.php?rest_route=%2Fwp%2Fv2%2Fproduct_tag&post=3600"}],"curies":[{"name":"wp","href":"https:\/\/api.w.org\/{rel}","templated":true}]}}