{"id":3590,"date":"2026-02-28T11:15:22","date_gmt":"2026-02-28T10:15:22","guid":{"rendered":"http:\/\/198.46.190.232\/mypara\/?product=coalvi-e-boost-eclaircissant"},"modified":"2026-03-31T18:27:51","modified_gmt":"2026-03-31T17:27:51","slug":"coalvi-e-boost-eclaircissant","status":"publish","type":"product","link":"http:\/\/www.yespara.tn\/?product=coalvi-e-boost-eclaircissant","title":{"rendered":"COALVI E-boost \u2013 Eclaircissant"},"content":{"rendered":"","protected":false},"excerpt":{"rendered":"<p>E-BOOST Peau parfaite : destin\u00e9 aux personnes qui trouvent que leur peau manque d\u2019\u00e9clat. Sa formule exclusive am\u00e9liore la luminosit\u00e9 du teint, am\u00e9liore l\u2019hydratation, r\u00e9duit les taches brunes et les rougeurs, att\u00e9nue les rides et le vieillissement. \u00c9CLAIRCISSANT ANTIOXYDANT D\u00c9PIGMENTANT 60 G\u00c9LULES<\/p>\n","protected":false},"featured_media":3589,"comment_status":"open","ping_status":"closed","template":"","meta":[],"product_brand":[],"product_cat":[2849],"product_tag":[],"class_list":{"0":"post-3590","1":"product","2":"type-product","3":"status-publish","4":"has-post-thumbnail","6":"product_cat-laboratoire-coalvi","8":"first","9":"instock","10":"taxable","11":"shipping-taxable","12":"purchasable","13":"product-type-simple"},"_links":{"self":[{"href":"http:\/\/www.yespara.tn\/index.php?rest_route=\/wp\/v2\/product\/3590","targetHints":{"allow":["GET"]}}],"collection":[{"href":"http:\/\/www.yespara.tn\/index.php?rest_route=\/wp\/v2\/product"}],"about":[{"href":"http:\/\/www.yespara.tn\/index.php?rest_route=\/wp\/v2\/types\/product"}],"replies":[{"embeddable":true,"href":"http:\/\/www.yespara.tn\/index.php?rest_route=%2Fwp%2Fv2%2Fcomments&post=3590"}],"wp:featuredmedia":[{"embeddable":true,"href":"http:\/\/www.yespara.tn\/index.php?rest_route=\/wp\/v2\/media\/3589"}],"wp:attachment":[{"href":"http:\/\/www.yespara.tn\/index.php?rest_route=%2Fwp%2Fv2%2Fmedia&parent=3590"}],"wp:term":[{"taxonomy":"product_brand","embeddable":true,"href":"http:\/\/www.yespara.tn\/index.php?rest_route=%2Fwp%2Fv2%2Fproduct_brand&post=3590"},{"taxonomy":"product_cat","embeddable":true,"href":"http:\/\/www.yespara.tn\/index.php?rest_route=%2Fwp%2Fv2%2Fproduct_cat&post=3590"},{"taxonomy":"product_tag","embeddable":true,"href":"http:\/\/www.yespara.tn\/index.php?rest_route=%2Fwp%2Fv2%2Fproduct_tag&post=3590"}],"curies":[{"name":"wp","href":"https:\/\/api.w.org\/{rel}","templated":true}]}}