{"id":3582,"date":"2026-02-28T11:15:17","date_gmt":"2026-02-28T10:15:17","guid":{"rendered":"http:\/\/198.46.190.232\/mypara\/?product=uriage-eau-thermale-serum-d%ca%b9eau-30ml"},"modified":"2026-03-31T18:27:52","modified_gmt":"2026-03-31T17:27:52","slug":"uriage-eau-thermale-serum-d%ca%b9eau-30ml","status":"publish","type":"product","link":"http:\/\/www.yespara.tn\/?product=uriage-eau-thermale-serum-d%ca%b9eau-30ml","title":{"rendered":"Uriage eau thermale s\u00e9rum d\u02b9eau 30ml"},"content":{"rendered":"","protected":false},"excerpt":{"rendered":"<p>Aussi impalpable que confortable, ce s\u00e9rum hydratant intervient, gr\u00e2ce \u00e0 ses actifs, \u00e0 tous les niveaux de la peau pour restaurer les m\u00e9canismes naturels d\u2019hydratation.<\/p>\n","protected":false},"featured_media":3581,"comment_status":"open","ping_status":"closed","template":"","meta":[],"product_brand":[],"product_cat":[2844],"product_tag":[],"class_list":{"0":"post-3582","1":"product","2":"type-product","3":"status-publish","4":"has-post-thumbnail","6":"product_cat-uriage-toutes-peaux-soins-visage-soins-hydratants-et-nourrissants-2","8":"first","9":"instock","10":"taxable","11":"shipping-taxable","12":"purchasable","13":"product-type-simple"},"_links":{"self":[{"href":"http:\/\/www.yespara.tn\/index.php?rest_route=\/wp\/v2\/product\/3582","targetHints":{"allow":["GET"]}}],"collection":[{"href":"http:\/\/www.yespara.tn\/index.php?rest_route=\/wp\/v2\/product"}],"about":[{"href":"http:\/\/www.yespara.tn\/index.php?rest_route=\/wp\/v2\/types\/product"}],"replies":[{"embeddable":true,"href":"http:\/\/www.yespara.tn\/index.php?rest_route=%2Fwp%2Fv2%2Fcomments&post=3582"}],"wp:featuredmedia":[{"embeddable":true,"href":"http:\/\/www.yespara.tn\/index.php?rest_route=\/wp\/v2\/media\/3581"}],"wp:attachment":[{"href":"http:\/\/www.yespara.tn\/index.php?rest_route=%2Fwp%2Fv2%2Fmedia&parent=3582"}],"wp:term":[{"taxonomy":"product_brand","embeddable":true,"href":"http:\/\/www.yespara.tn\/index.php?rest_route=%2Fwp%2Fv2%2Fproduct_brand&post=3582"},{"taxonomy":"product_cat","embeddable":true,"href":"http:\/\/www.yespara.tn\/index.php?rest_route=%2Fwp%2Fv2%2Fproduct_cat&post=3582"},{"taxonomy":"product_tag","embeddable":true,"href":"http:\/\/www.yespara.tn\/index.php?rest_route=%2Fwp%2Fv2%2Fproduct_tag&post=3582"}],"curies":[{"name":"wp","href":"https:\/\/api.w.org\/{rel}","templated":true}]}}