{"id":3572,"date":"2026-02-28T11:15:07","date_gmt":"2026-02-28T10:15:07","guid":{"rendered":"http:\/\/198.46.190.232\/mypara\/?product=bioderma-hydrabio-creme-pot-50-ml"},"modified":"2026-03-31T18:27:52","modified_gmt":"2026-03-31T17:27:52","slug":"bioderma-hydrabio-creme-pot-50-ml","status":"publish","type":"product","link":"http:\/\/www.yespara.tn\/?product=bioderma-hydrabio-creme-pot-50-ml","title":{"rendered":"Bioderma hydrabio creme pot 50 ml"},"content":{"rendered":"","protected":false},"excerpt":{"rendered":"<p>La cr\u00e8me de jour Bioderma Hydrabio est sp\u00e9cialement formul\u00e9e pour hydrater et nourrir en profondeur les peaux s\u00e8ches. Jour apr\u00e8s jour, l\u2019application de sa texture onctueuse et riche agit pour r\u00e9conforter votre visage. Ce soin vous aide \u00e0 retrouver un \u00e9piderme plus souple et doux.<\/p>\n","protected":false},"featured_media":3571,"comment_status":"open","ping_status":"closed","template":"","meta":[],"product_brand":[],"product_cat":[2838],"product_tag":[],"class_list":{"0":"post-3572","1":"product","2":"type-product","3":"status-publish","4":"has-post-thumbnail","6":"product_cat-bioderma-soins-visage-soins-hydratants-et-nourrissants-2","8":"first","9":"instock","10":"taxable","11":"shipping-taxable","12":"purchasable","13":"product-type-simple"},"_links":{"self":[{"href":"http:\/\/www.yespara.tn\/index.php?rest_route=\/wp\/v2\/product\/3572","targetHints":{"allow":["GET"]}}],"collection":[{"href":"http:\/\/www.yespara.tn\/index.php?rest_route=\/wp\/v2\/product"}],"about":[{"href":"http:\/\/www.yespara.tn\/index.php?rest_route=\/wp\/v2\/types\/product"}],"replies":[{"embeddable":true,"href":"http:\/\/www.yespara.tn\/index.php?rest_route=%2Fwp%2Fv2%2Fcomments&post=3572"}],"wp:featuredmedia":[{"embeddable":true,"href":"http:\/\/www.yespara.tn\/index.php?rest_route=\/wp\/v2\/media\/3571"}],"wp:attachment":[{"href":"http:\/\/www.yespara.tn\/index.php?rest_route=%2Fwp%2Fv2%2Fmedia&parent=3572"}],"wp:term":[{"taxonomy":"product_brand","embeddable":true,"href":"http:\/\/www.yespara.tn\/index.php?rest_route=%2Fwp%2Fv2%2Fproduct_brand&post=3572"},{"taxonomy":"product_cat","embeddable":true,"href":"http:\/\/www.yespara.tn\/index.php?rest_route=%2Fwp%2Fv2%2Fproduct_cat&post=3572"},{"taxonomy":"product_tag","embeddable":true,"href":"http:\/\/www.yespara.tn\/index.php?rest_route=%2Fwp%2Fv2%2Fproduct_tag&post=3572"}],"curies":[{"name":"wp","href":"https:\/\/api.w.org\/{rel}","templated":true}]}}