{"id":3568,"date":"2026-02-28T11:15:04","date_gmt":"2026-02-28T10:15:04","guid":{"rendered":"http:\/\/198.46.190.232\/mypara\/?product=bioderma-sebium-kerato-gel-creme-anti%e2%80%90imperfections30ml"},"modified":"2026-03-31T18:27:52","modified_gmt":"2026-03-31T17:27:52","slug":"bioderma-sebium-kerato-gel-creme-anti%e2%80%90imperfections30ml","status":"publish","type":"product","link":"http:\/\/www.yespara.tn\/?product=bioderma-sebium-kerato-gel-creme-anti%e2%80%90imperfections30ml","title":{"rendered":"Bioderma sebium kerato+ gel cr\u00e8me anti\u2010imperfections,30ml"},"content":{"rendered":"","protected":false},"excerpt":{"rendered":"<p>Bioderma sebium kerato+ gel cr\u00e8me : Elimine boutons, points noirs Anti-marques : r\u00e9duit les marques existantes et pr\u00e9vient la formation de nouvelles marques Haute tol\u00e9rance : non dess\u00e9chant, hydrate 8h<\/p>\n","protected":false},"featured_media":3567,"comment_status":"open","ping_status":"closed","template":"","meta":[],"product_brand":[],"product_cat":[2835,2128],"product_tag":[2836,2769,2837],"class_list":{"0":"post-3568","1":"product","2":"type-product","3":"status-publish","4":"has-post-thumbnail","6":"product_cat-bioderma-soins-visage-nettoyants-visage","7":"product_cat-demaquillants","8":"product_tag-bioderma-sebium","9":"product_tag-gel-creme","10":"product_tag-kerato","12":"first","13":"instock","14":"taxable","15":"shipping-taxable","16":"purchasable","17":"product-type-simple"},"_links":{"self":[{"href":"http:\/\/www.yespara.tn\/index.php?rest_route=\/wp\/v2\/product\/3568","targetHints":{"allow":["GET"]}}],"collection":[{"href":"http:\/\/www.yespara.tn\/index.php?rest_route=\/wp\/v2\/product"}],"about":[{"href":"http:\/\/www.yespara.tn\/index.php?rest_route=\/wp\/v2\/types\/product"}],"replies":[{"embeddable":true,"href":"http:\/\/www.yespara.tn\/index.php?rest_route=%2Fwp%2Fv2%2Fcomments&post=3568"}],"wp:featuredmedia":[{"embeddable":true,"href":"http:\/\/www.yespara.tn\/index.php?rest_route=\/wp\/v2\/media\/3567"}],"wp:attachment":[{"href":"http:\/\/www.yespara.tn\/index.php?rest_route=%2Fwp%2Fv2%2Fmedia&parent=3568"}],"wp:term":[{"taxonomy":"product_brand","embeddable":true,"href":"http:\/\/www.yespara.tn\/index.php?rest_route=%2Fwp%2Fv2%2Fproduct_brand&post=3568"},{"taxonomy":"product_cat","embeddable":true,"href":"http:\/\/www.yespara.tn\/index.php?rest_route=%2Fwp%2Fv2%2Fproduct_cat&post=3568"},{"taxonomy":"product_tag","embeddable":true,"href":"http:\/\/www.yespara.tn\/index.php?rest_route=%2Fwp%2Fv2%2Fproduct_tag&post=3568"}],"curies":[{"name":"wp","href":"https:\/\/api.w.org\/{rel}","templated":true}]}}