{"id":3564,"date":"2026-02-28T11:15:01","date_gmt":"2026-02-28T10:15:01","guid":{"rendered":"http:\/\/198.46.190.232\/mypara\/?product=bioderma-sensibio-h2o-eye-125ml"},"modified":"2026-03-31T18:27:52","modified_gmt":"2026-03-31T17:27:52","slug":"bioderma-sensibio-h2o-eye-125ml","status":"publish","type":"product","link":"http:\/\/www.yespara.tn\/?product=bioderma-sensibio-h2o-eye-125ml","title":{"rendered":"Bioderma sensibio H2O eye 125ml"},"content":{"rendered":"","protected":false},"excerpt":{"rendered":"<p>Gr\u00e2ce \u00e0 sa formule unique, l\u2019eau micellaire biphas\u00e9e Bioderma sensibio H2O allie une efficacit\u00e9 d\u00e9maquillante longue dur\u00e9e et une tol\u00e9rance optimale, tout en procurant aux peaux les plus sensibles un double b\u00e9n\u00e9fice unique : propri\u00e9t\u00e9s hydratantes et apaisantes. \u2013 \u00c9limine le maquillage waterproof des yeux et des l\u00e8vres. \u2013 Nettoie les impuret\u00e9s et les particules polluantes. \u2013 Hydrate gr\u00e2ce \u00e0 l\u2019acide hyaluronique. \u2013 Renforce la zone fragile du contour de l\u2019\u0153il et des cils. \u2013 Apaise.<\/p>\n","protected":false},"featured_media":3563,"comment_status":"open","ping_status":"closed","template":"","meta":[],"product_brand":[],"product_cat":[2128,2129],"product_tag":[2832,2833,2834],"class_list":{"0":"post-3564","1":"product","2":"type-product","3":"status-publish","4":"has-post-thumbnail","6":"product_cat-demaquillants","7":"product_cat-nettoyants-visage","8":"product_tag-bioderma","9":"product_tag-h2o","10":"product_tag-sensibio","12":"first","13":"instock","14":"taxable","15":"shipping-taxable","16":"purchasable","17":"product-type-simple"},"_links":{"self":[{"href":"http:\/\/www.yespara.tn\/index.php?rest_route=\/wp\/v2\/product\/3564","targetHints":{"allow":["GET"]}}],"collection":[{"href":"http:\/\/www.yespara.tn\/index.php?rest_route=\/wp\/v2\/product"}],"about":[{"href":"http:\/\/www.yespara.tn\/index.php?rest_route=\/wp\/v2\/types\/product"}],"replies":[{"embeddable":true,"href":"http:\/\/www.yespara.tn\/index.php?rest_route=%2Fwp%2Fv2%2Fcomments&post=3564"}],"wp:featuredmedia":[{"embeddable":true,"href":"http:\/\/www.yespara.tn\/index.php?rest_route=\/wp\/v2\/media\/3563"}],"wp:attachment":[{"href":"http:\/\/www.yespara.tn\/index.php?rest_route=%2Fwp%2Fv2%2Fmedia&parent=3564"}],"wp:term":[{"taxonomy":"product_brand","embeddable":true,"href":"http:\/\/www.yespara.tn\/index.php?rest_route=%2Fwp%2Fv2%2Fproduct_brand&post=3564"},{"taxonomy":"product_cat","embeddable":true,"href":"http:\/\/www.yespara.tn\/index.php?rest_route=%2Fwp%2Fv2%2Fproduct_cat&post=3564"},{"taxonomy":"product_tag","embeddable":true,"href":"http:\/\/www.yespara.tn\/index.php?rest_route=%2Fwp%2Fv2%2Fproduct_tag&post=3564"}],"curies":[{"name":"wp","href":"https:\/\/api.w.org\/{rel}","templated":true}]}}