{"id":3548,"date":"2026-02-28T11:14:50","date_gmt":"2026-02-28T10:14:50","guid":{"rendered":"http:\/\/198.46.190.232\/mypara\/?product=beesline-instant-bright-facial-toner-200ml"},"modified":"2026-03-31T18:27:53","modified_gmt":"2026-03-31T17:27:53","slug":"beesline-instant-bright-facial-toner-200ml","status":"publish","type":"product","link":"http:\/\/www.yespara.tn\/?product=beesline-instant-bright-facial-toner-200ml","title":{"rendered":"Beesline instant bright facial toner 200ml"},"content":{"rendered":"","protected":false},"excerpt":{"rendered":"<p>Un tonique \u00e9claircissant qui illumine le teint et soutient la barri\u00e8re protectrice de la peau. Agit pour d\u00e9gager les pores, uniformiser le teint, calmer les irritations et lisser la texture de la peau.<\/p>\n","protected":false},"featured_media":3547,"comment_status":"open","ping_status":"closed","template":"","meta":[],"product_brand":[],"product_cat":[2820],"product_tag":[],"class_list":{"0":"post-3548","1":"product","2":"type-product","3":"status-publish","4":"has-post-thumbnail","6":"product_cat-beesline-soins-visage-2","8":"first","9":"instock","10":"taxable","11":"shipping-taxable","12":"purchasable","13":"product-type-simple"},"_links":{"self":[{"href":"http:\/\/www.yespara.tn\/index.php?rest_route=\/wp\/v2\/product\/3548","targetHints":{"allow":["GET"]}}],"collection":[{"href":"http:\/\/www.yespara.tn\/index.php?rest_route=\/wp\/v2\/product"}],"about":[{"href":"http:\/\/www.yespara.tn\/index.php?rest_route=\/wp\/v2\/types\/product"}],"replies":[{"embeddable":true,"href":"http:\/\/www.yespara.tn\/index.php?rest_route=%2Fwp%2Fv2%2Fcomments&post=3548"}],"wp:featuredmedia":[{"embeddable":true,"href":"http:\/\/www.yespara.tn\/index.php?rest_route=\/wp\/v2\/media\/3547"}],"wp:attachment":[{"href":"http:\/\/www.yespara.tn\/index.php?rest_route=%2Fwp%2Fv2%2Fmedia&parent=3548"}],"wp:term":[{"taxonomy":"product_brand","embeddable":true,"href":"http:\/\/www.yespara.tn\/index.php?rest_route=%2Fwp%2Fv2%2Fproduct_brand&post=3548"},{"taxonomy":"product_cat","embeddable":true,"href":"http:\/\/www.yespara.tn\/index.php?rest_route=%2Fwp%2Fv2%2Fproduct_cat&post=3548"},{"taxonomy":"product_tag","embeddable":true,"href":"http:\/\/www.yespara.tn\/index.php?rest_route=%2Fwp%2Fv2%2Fproduct_tag&post=3548"}],"curies":[{"name":"wp","href":"https:\/\/api.w.org\/{rel}","templated":true}]}}