{"id":3546,"date":"2026-02-28T11:14:49","date_gmt":"2026-02-28T10:14:49","guid":{"rendered":"http:\/\/198.46.190.232\/mypara\/?product=beesline-instant-bright-day-cream"},"modified":"2026-03-31T18:27:53","modified_gmt":"2026-03-31T17:27:53","slug":"beesline-instant-bright-day-cream","status":"publish","type":"product","link":"http:\/\/www.yespara.tn\/?product=beesline-instant-bright-day-cream","title":{"rendered":"Beesline instant bright day cream"},"content":{"rendered":"","protected":false},"excerpt":{"rendered":"<p>Cr\u00e8me de jour \u00e9clat instantan\u00e9e Pour une hydratation et un \u00e9clat ultimes. Cible instantan\u00e9ment le teint terne en \u00e9claircissant la peau d\u00e8s la premi\u00e8re utilisation. Unifie le teint et att\u00e9nue l\u2019apparence des taches brunes, avec des r\u00e9sultats prouv\u00e9s en 4 semaines<\/p>\n","protected":false},"featured_media":3545,"comment_status":"open","ping_status":"closed","template":"","meta":[],"product_brand":[],"product_cat":[2819],"product_tag":[],"class_list":{"0":"post-3546","1":"product","2":"type-product","3":"status-publish","4":"has-post-thumbnail","6":"product_cat-beesline-soins-visage-soins-hydratants-et-nourrissants-2","8":"first","9":"instock","10":"taxable","11":"shipping-taxable","12":"purchasable","13":"product-type-simple"},"_links":{"self":[{"href":"http:\/\/www.yespara.tn\/index.php?rest_route=\/wp\/v2\/product\/3546","targetHints":{"allow":["GET"]}}],"collection":[{"href":"http:\/\/www.yespara.tn\/index.php?rest_route=\/wp\/v2\/product"}],"about":[{"href":"http:\/\/www.yespara.tn\/index.php?rest_route=\/wp\/v2\/types\/product"}],"replies":[{"embeddable":true,"href":"http:\/\/www.yespara.tn\/index.php?rest_route=%2Fwp%2Fv2%2Fcomments&post=3546"}],"wp:featuredmedia":[{"embeddable":true,"href":"http:\/\/www.yespara.tn\/index.php?rest_route=\/wp\/v2\/media\/3545"}],"wp:attachment":[{"href":"http:\/\/www.yespara.tn\/index.php?rest_route=%2Fwp%2Fv2%2Fmedia&parent=3546"}],"wp:term":[{"taxonomy":"product_brand","embeddable":true,"href":"http:\/\/www.yespara.tn\/index.php?rest_route=%2Fwp%2Fv2%2Fproduct_brand&post=3546"},{"taxonomy":"product_cat","embeddable":true,"href":"http:\/\/www.yespara.tn\/index.php?rest_route=%2Fwp%2Fv2%2Fproduct_cat&post=3546"},{"taxonomy":"product_tag","embeddable":true,"href":"http:\/\/www.yespara.tn\/index.php?rest_route=%2Fwp%2Fv2%2Fproduct_tag&post=3546"}],"curies":[{"name":"wp","href":"https:\/\/api.w.org\/{rel}","templated":true}]}}