{"id":3540,"date":"2026-02-28T11:14:43","date_gmt":"2026-02-28T10:14:43","guid":{"rendered":"http:\/\/198.46.190.232\/mypara\/?product=sensilis-serum-skin-d%e2%80%90pigment-atx-b3-30ml"},"modified":"2026-03-31T18:27:54","modified_gmt":"2026-03-31T17:27:54","slug":"sensilis-serum-skin-d%e2%80%90pigment-atx-b3-30ml","status":"publish","type":"product","link":"http:\/\/www.yespara.tn\/?product=sensilis-serum-skin-d%e2%80%90pigment-atx-b3-30ml","title":{"rendered":"Sensilis serum skin d\u2010pigment [atx b3] 30ml"},"content":{"rendered":"","protected":false},"excerpt":{"rendered":"<p>Sensilis Skin D-Pigment [S\u00e9rum ATX B3] 30 ml est un traitement correcteur de l\u2019hyperpigmentation cutan\u00e9e sous forme de s\u00e9rum enrichi en Acide Tranexamique 2%, Niacinamide 10% et Az\u00e9loglycine 3%.<\/p>\n","protected":false},"featured_media":3539,"comment_status":"open","ping_status":"closed","template":"","meta":[],"product_brand":[],"product_cat":[2801],"product_tag":[],"class_list":{"0":"post-3540","1":"product","2":"type-product","3":"status-publish","4":"has-post-thumbnail","6":"product_cat-sensilis-skin-lab-soins-visage-soins-anti-taches-et-depigmentants","8":"first","9":"instock","10":"taxable","11":"shipping-taxable","12":"purchasable","13":"product-type-simple"},"_links":{"self":[{"href":"http:\/\/www.yespara.tn\/index.php?rest_route=\/wp\/v2\/product\/3540","targetHints":{"allow":["GET"]}}],"collection":[{"href":"http:\/\/www.yespara.tn\/index.php?rest_route=\/wp\/v2\/product"}],"about":[{"href":"http:\/\/www.yespara.tn\/index.php?rest_route=\/wp\/v2\/types\/product"}],"replies":[{"embeddable":true,"href":"http:\/\/www.yespara.tn\/index.php?rest_route=%2Fwp%2Fv2%2Fcomments&post=3540"}],"wp:featuredmedia":[{"embeddable":true,"href":"http:\/\/www.yespara.tn\/index.php?rest_route=\/wp\/v2\/media\/3539"}],"wp:attachment":[{"href":"http:\/\/www.yespara.tn\/index.php?rest_route=%2Fwp%2Fv2%2Fmedia&parent=3540"}],"wp:term":[{"taxonomy":"product_brand","embeddable":true,"href":"http:\/\/www.yespara.tn\/index.php?rest_route=%2Fwp%2Fv2%2Fproduct_brand&post=3540"},{"taxonomy":"product_cat","embeddable":true,"href":"http:\/\/www.yespara.tn\/index.php?rest_route=%2Fwp%2Fv2%2Fproduct_cat&post=3540"},{"taxonomy":"product_tag","embeddable":true,"href":"http:\/\/www.yespara.tn\/index.php?rest_route=%2Fwp%2Fv2%2Fproduct_tag&post=3540"}],"curies":[{"name":"wp","href":"https:\/\/api.w.org\/{rel}","templated":true}]}}