{"id":3524,"date":"2026-02-28T11:14:32","date_gmt":"2026-02-28T10:14:32","guid":{"rendered":"http:\/\/198.46.190.232\/mypara\/?product=sensilis-skin-d-pigment-aha10-overnight"},"modified":"2026-03-31T18:27:54","modified_gmt":"2026-03-31T17:27:54","slug":"sensilis-skin-d-pigment-aha10-overnight","status":"publish","type":"product","link":"http:\/\/www.yespara.tn\/?product=sensilis-skin-d-pigment-aha10-overnight","title":{"rendered":"Sensilis Skin D-Pigment AHA10 Overnight"},"content":{"rendered":"","protected":false},"excerpt":{"rendered":"<p>Soin d\u00e9pigmentant \u00e0 action intensive qui renouvelle la peau du visage pour apporter de la luminosit\u00e9 \u00e0 la peau et r\u00e9duire les taches visibles sur les peaux sensibles.<\/p>\n","protected":false},"featured_media":3523,"comment_status":"open","ping_status":"closed","template":"","meta":[],"product_brand":[],"product_cat":[2801],"product_tag":[2802,2803,2804],"class_list":{"0":"post-3524","1":"product","2":"type-product","3":"status-publish","4":"has-post-thumbnail","6":"product_cat-sensilis-skin-lab-soins-visage-soins-anti-taches-et-depigmentants","7":"product_tag-sensilis","8":"product_tag-skin-d-pigment","9":"product_tag-soin-depigmentant","11":"first","12":"instock","13":"taxable","14":"shipping-taxable","15":"purchasable","16":"product-type-simple"},"_links":{"self":[{"href":"http:\/\/www.yespara.tn\/index.php?rest_route=\/wp\/v2\/product\/3524","targetHints":{"allow":["GET"]}}],"collection":[{"href":"http:\/\/www.yespara.tn\/index.php?rest_route=\/wp\/v2\/product"}],"about":[{"href":"http:\/\/www.yespara.tn\/index.php?rest_route=\/wp\/v2\/types\/product"}],"replies":[{"embeddable":true,"href":"http:\/\/www.yespara.tn\/index.php?rest_route=%2Fwp%2Fv2%2Fcomments&post=3524"}],"wp:featuredmedia":[{"embeddable":true,"href":"http:\/\/www.yespara.tn\/index.php?rest_route=\/wp\/v2\/media\/3523"}],"wp:attachment":[{"href":"http:\/\/www.yespara.tn\/index.php?rest_route=%2Fwp%2Fv2%2Fmedia&parent=3524"}],"wp:term":[{"taxonomy":"product_brand","embeddable":true,"href":"http:\/\/www.yespara.tn\/index.php?rest_route=%2Fwp%2Fv2%2Fproduct_brand&post=3524"},{"taxonomy":"product_cat","embeddable":true,"href":"http:\/\/www.yespara.tn\/index.php?rest_route=%2Fwp%2Fv2%2Fproduct_cat&post=3524"},{"taxonomy":"product_tag","embeddable":true,"href":"http:\/\/www.yespara.tn\/index.php?rest_route=%2Fwp%2Fv2%2Fproduct_tag&post=3524"}],"curies":[{"name":"wp","href":"https:\/\/api.w.org\/{rel}","templated":true}]}}