{"id":3510,"date":"2026-02-28T11:14:19","date_gmt":"2026-02-28T10:14:19","guid":{"rendered":"http:\/\/198.46.190.232\/mypara\/?product=filorga-sleep-peel-4-5-creme-micro%e2%80%90peeling-nuit-40ml"},"modified":"2026-03-31T18:27:55","modified_gmt":"2026-03-31T17:27:55","slug":"filorga-sleep-peel-4-5-creme-micro%e2%80%90peeling-nuit-40ml","status":"publish","type":"product","link":"http:\/\/www.yespara.tn\/?product=filorga-sleep-peel-4-5-creme-micro%e2%80%90peeling-nuit-40ml","title":{"rendered":"Filorga sleep &#038; peel 4.5 creme micro\u2010peeling nuit 40ml"},"content":{"rendered":"","protected":false},"excerpt":{"rendered":"<p>Filorga Sleep &#038; Peel est une cr\u00e8me micro-peeling de nuit qui garantit un effet peau neuve d\u00e8s le r\u00e9veil. Elle est particuli\u00e8rement recommand\u00e9e\u00a0pour\u00a0traiter les ridules, le teint terne et le grain de peau irr\u00e9gulier.<\/p>\n","protected":false},"featured_media":3509,"comment_status":"open","ping_status":"closed","template":"","meta":[],"product_brand":[],"product_cat":[2536],"product_tag":[],"class_list":{"0":"post-3510","1":"product","2":"type-product","3":"status-publish","4":"has-post-thumbnail","6":"product_cat-filorga-soins-visage-soins-anti-age-et-anti-rides-2","8":"first","9":"instock","10":"taxable","11":"shipping-taxable","12":"purchasable","13":"product-type-simple"},"_links":{"self":[{"href":"http:\/\/www.yespara.tn\/index.php?rest_route=\/wp\/v2\/product\/3510","targetHints":{"allow":["GET"]}}],"collection":[{"href":"http:\/\/www.yespara.tn\/index.php?rest_route=\/wp\/v2\/product"}],"about":[{"href":"http:\/\/www.yespara.tn\/index.php?rest_route=\/wp\/v2\/types\/product"}],"replies":[{"embeddable":true,"href":"http:\/\/www.yespara.tn\/index.php?rest_route=%2Fwp%2Fv2%2Fcomments&post=3510"}],"wp:featuredmedia":[{"embeddable":true,"href":"http:\/\/www.yespara.tn\/index.php?rest_route=\/wp\/v2\/media\/3509"}],"wp:attachment":[{"href":"http:\/\/www.yespara.tn\/index.php?rest_route=%2Fwp%2Fv2%2Fmedia&parent=3510"}],"wp:term":[{"taxonomy":"product_brand","embeddable":true,"href":"http:\/\/www.yespara.tn\/index.php?rest_route=%2Fwp%2Fv2%2Fproduct_brand&post=3510"},{"taxonomy":"product_cat","embeddable":true,"href":"http:\/\/www.yespara.tn\/index.php?rest_route=%2Fwp%2Fv2%2Fproduct_cat&post=3510"},{"taxonomy":"product_tag","embeddable":true,"href":"http:\/\/www.yespara.tn\/index.php?rest_route=%2Fwp%2Fv2%2Fproduct_tag&post=3510"}],"curies":[{"name":"wp","href":"https:\/\/api.w.org\/{rel}","templated":true}]}}