{"id":3506,"date":"2026-02-28T11:14:16","date_gmt":"2026-02-28T10:14:16","guid":{"rendered":"http:\/\/198.46.190.232\/mypara\/?product=filorga-optim-eyes-contour-yeux-15ml"},"modified":"2026-03-31T18:27:55","modified_gmt":"2026-03-31T17:27:55","slug":"filorga-optim-eyes-contour-yeux-15ml","status":"publish","type":"product","link":"http:\/\/www.yespara.tn\/?product=filorga-optim-eyes-contour-yeux-15ml","title":{"rendered":"FILORGA  optim eyes CONTOUR YEUX  15ml"},"content":{"rendered":"","protected":false},"excerpt":{"rendered":"<p>\ud83d\udccc Corrige efficacement : \u2714\ufe0f \ud83d\udc41\ufe0f Cernes : Un complexe unique qui r\u00e9duit la pigmentation et ravive l\u2019\u00e9clat du regard. \u2714\ufe0f \ud83d\udecc Poches : Gr\u00e2ce \u00e0 des peptides d\u00e9congestionnants qui att\u00e9nuent le gonflement sous les yeux. \u2714\ufe0f \u23f3 Rides : Lisse et repulpe avec de l\u2019acide hyaluronique et des actifs hydratants. Contenance: 15ml<\/p>\n","protected":false},"featured_media":3505,"comment_status":"open","ping_status":"closed","template":"","meta":[],"product_brand":[],"product_cat":[2783],"product_tag":[2784,2785,2786,2787],"class_list":{"0":"post-3506","1":"product","2":"type-product","3":"status-publish","4":"has-post-thumbnail","6":"product_cat-filorga-yeux-et-levres-soins-visage-contour-des-yeux","7":"product_tag-contour-yeux","8":"product_tag-filorga","9":"product_tag-optim-eyes","10":"product_tag-soin-yeux","12":"first","13":"instock","14":"taxable","15":"shipping-taxable","16":"purchasable","17":"product-type-simple"},"_links":{"self":[{"href":"http:\/\/www.yespara.tn\/index.php?rest_route=\/wp\/v2\/product\/3506","targetHints":{"allow":["GET"]}}],"collection":[{"href":"http:\/\/www.yespara.tn\/index.php?rest_route=\/wp\/v2\/product"}],"about":[{"href":"http:\/\/www.yespara.tn\/index.php?rest_route=\/wp\/v2\/types\/product"}],"replies":[{"embeddable":true,"href":"http:\/\/www.yespara.tn\/index.php?rest_route=%2Fwp%2Fv2%2Fcomments&post=3506"}],"wp:featuredmedia":[{"embeddable":true,"href":"http:\/\/www.yespara.tn\/index.php?rest_route=\/wp\/v2\/media\/3505"}],"wp:attachment":[{"href":"http:\/\/www.yespara.tn\/index.php?rest_route=%2Fwp%2Fv2%2Fmedia&parent=3506"}],"wp:term":[{"taxonomy":"product_brand","embeddable":true,"href":"http:\/\/www.yespara.tn\/index.php?rest_route=%2Fwp%2Fv2%2Fproduct_brand&post=3506"},{"taxonomy":"product_cat","embeddable":true,"href":"http:\/\/www.yespara.tn\/index.php?rest_route=%2Fwp%2Fv2%2Fproduct_cat&post=3506"},{"taxonomy":"product_tag","embeddable":true,"href":"http:\/\/www.yespara.tn\/index.php?rest_route=%2Fwp%2Fv2%2Fproduct_tag&post=3506"}],"curies":[{"name":"wp","href":"https:\/\/api.w.org\/{rel}","templated":true}]}}