{"id":3504,"date":"2026-02-28T11:14:15","date_gmt":"2026-02-28T10:14:15","guid":{"rendered":"http:\/\/198.46.190.232\/mypara\/?product=jouvence-cicalma-creme-reparatrice-40-ml"},"modified":"2026-03-31T18:27:55","modified_gmt":"2026-03-31T17:27:55","slug":"jouvence-cicalma-creme-reparatrice-40-ml","status":"publish","type":"product","link":"http:\/\/www.yespara.tn\/?product=jouvence-cicalma-creme-reparatrice-40-ml","title":{"rendered":"Jouvence cicalma creme reparatrice 40 ml"},"content":{"rendered":"","protected":false},"excerpt":{"rendered":"<p>Cette cr\u00e8me protectrice et r\u00e9paratrice est le soin id\u00e9al pour les peaux fragilis\u00e9es \u00e0 la suite d\u2019agressions diverses pouvant \u00eatre expos\u00e9es au soleil. Soin hydratant pour peau s\u00e8ches, tr\u00e8s s\u00e8ches et d\u00e9shydrat\u00e9es.<\/p>\n","protected":false},"featured_media":3503,"comment_status":"open","ping_status":"closed","template":"","meta":[],"product_brand":[],"product_cat":[2782],"product_tag":[],"class_list":{"0":"post-3504","1":"product","2":"type-product","3":"status-publish","4":"has-post-thumbnail","6":"product_cat-jouvence-soins-visage-soins-hydratants-et-nourrissants-peaux-seches","8":"first","9":"instock","10":"taxable","11":"shipping-taxable","12":"purchasable","13":"product-type-simple"},"_links":{"self":[{"href":"http:\/\/www.yespara.tn\/index.php?rest_route=\/wp\/v2\/product\/3504","targetHints":{"allow":["GET"]}}],"collection":[{"href":"http:\/\/www.yespara.tn\/index.php?rest_route=\/wp\/v2\/product"}],"about":[{"href":"http:\/\/www.yespara.tn\/index.php?rest_route=\/wp\/v2\/types\/product"}],"replies":[{"embeddable":true,"href":"http:\/\/www.yespara.tn\/index.php?rest_route=%2Fwp%2Fv2%2Fcomments&post=3504"}],"wp:featuredmedia":[{"embeddable":true,"href":"http:\/\/www.yespara.tn\/index.php?rest_route=\/wp\/v2\/media\/3503"}],"wp:attachment":[{"href":"http:\/\/www.yespara.tn\/index.php?rest_route=%2Fwp%2Fv2%2Fmedia&parent=3504"}],"wp:term":[{"taxonomy":"product_brand","embeddable":true,"href":"http:\/\/www.yespara.tn\/index.php?rest_route=%2Fwp%2Fv2%2Fproduct_brand&post=3504"},{"taxonomy":"product_cat","embeddable":true,"href":"http:\/\/www.yespara.tn\/index.php?rest_route=%2Fwp%2Fv2%2Fproduct_cat&post=3504"},{"taxonomy":"product_tag","embeddable":true,"href":"http:\/\/www.yespara.tn\/index.php?rest_route=%2Fwp%2Fv2%2Fproduct_tag&post=3504"}],"curies":[{"name":"wp","href":"https:\/\/api.w.org\/{rel}","templated":true}]}}