{"id":3500,"date":"2026-02-28T11:14:12","date_gmt":"2026-02-28T10:14:12","guid":{"rendered":"http:\/\/198.46.190.232\/mypara\/?product=jouvence-topica-soin-ultra-hydratant-et-regener-200-ml"},"modified":"2026-03-31T18:27:55","modified_gmt":"2026-03-31T17:27:55","slug":"jouvence-topica-soin-ultra-hydratant-et-regener-200-ml","status":"publish","type":"product","link":"http:\/\/www.yespara.tn\/?product=jouvence-topica-soin-ultra-hydratant-et-regener-200-ml","title":{"rendered":"Jouvence topica soin ultra hydratant et regener 200 ml"},"content":{"rendered":"","protected":false},"excerpt":{"rendered":"<p>JOUVENCE TOPICA Soin Ultra Hydratant offre une hydratation et une r\u00e9g\u00e9n\u00e9ration intensives, sp\u00e9cialement con\u00e7ues pour les peaux s\u00e8ches, tr\u00e8s s\u00e8ches et d\u00e9shydrat\u00e9es.<\/p>\n","protected":false},"featured_media":3499,"comment_status":"open","ping_status":"closed","template":"","meta":[],"product_brand":[],"product_cat":[2777],"product_tag":[2778,2779,2725,2780],"class_list":{"0":"post-3500","1":"product","2":"type-product","3":"status-publish","4":"has-post-thumbnail","6":"product_cat-jouvence-soins-visage-soins-pour-le-corps-soins-hydratants-et-nourrissants-peaux-seches-hydratation-et-nutrition-corps","7":"product_tag-hydratant","8":"product_tag-jouvence","9":"product_tag-soin","10":"product_tag-topica","12":"first","13":"instock","14":"taxable","15":"shipping-taxable","16":"purchasable","17":"product-type-simple"},"_links":{"self":[{"href":"http:\/\/www.yespara.tn\/index.php?rest_route=\/wp\/v2\/product\/3500","targetHints":{"allow":["GET"]}}],"collection":[{"href":"http:\/\/www.yespara.tn\/index.php?rest_route=\/wp\/v2\/product"}],"about":[{"href":"http:\/\/www.yespara.tn\/index.php?rest_route=\/wp\/v2\/types\/product"}],"replies":[{"embeddable":true,"href":"http:\/\/www.yespara.tn\/index.php?rest_route=%2Fwp%2Fv2%2Fcomments&post=3500"}],"wp:featuredmedia":[{"embeddable":true,"href":"http:\/\/www.yespara.tn\/index.php?rest_route=\/wp\/v2\/media\/3499"}],"wp:attachment":[{"href":"http:\/\/www.yespara.tn\/index.php?rest_route=%2Fwp%2Fv2%2Fmedia&parent=3500"}],"wp:term":[{"taxonomy":"product_brand","embeddable":true,"href":"http:\/\/www.yespara.tn\/index.php?rest_route=%2Fwp%2Fv2%2Fproduct_brand&post=3500"},{"taxonomy":"product_cat","embeddable":true,"href":"http:\/\/www.yespara.tn\/index.php?rest_route=%2Fwp%2Fv2%2Fproduct_cat&post=3500"},{"taxonomy":"product_tag","embeddable":true,"href":"http:\/\/www.yespara.tn\/index.php?rest_route=%2Fwp%2Fv2%2Fproduct_tag&post=3500"}],"curies":[{"name":"wp","href":"https:\/\/api.w.org\/{rel}","templated":true}]}}