{"id":3494,"date":"2026-02-28T11:14:07","date_gmt":"2026-02-28T10:14:07","guid":{"rendered":"http:\/\/198.46.190.232\/mypara\/?product=pack-jonzac-sublimactive-soins-nuit-anti-age"},"modified":"2026-03-31T18:27:56","modified_gmt":"2026-03-31T17:27:56","slug":"pack-jonzac-sublimactive-soins-nuit-anti-age","status":"publish","type":"product","link":"http:\/\/www.yespara.tn\/?product=pack-jonzac-sublimactive-soins-nuit-anti-age","title":{"rendered":"Pack Jonzac Sublimactive Soins nuit anti-\u00e2ge"},"content":{"rendered":"","protected":false},"excerpt":{"rendered":"<p>Pack Jonzac Sublimactive La cr\u00e8me contour des yeux et des l\u00e8vres + soin nuit reg\u00e9n\u00e9rant anti-\u00e2ge cellulaire 40ml \u00e0 un prix imbattable !<\/p>\n","protected":false},"featured_media":3493,"comment_status":"open","ping_status":"closed","template":"","meta":[],"product_brand":[],"product_cat":[2761],"product_tag":[2740,2704,2760,2762,2763],"class_list":{"0":"post-3494","1":"product","2":"type-product","3":"status-publish","4":"has-post-thumbnail","6":"product_cat-jonzac-soins-visage-soins-anti-age-et-anti-rides-2","7":"product_tag-jonzac","8":"product_tag-nuit","9":"product_tag-pack","10":"product_tag-soins","11":"product_tag-sublimactive","13":"first","14":"instock","15":"taxable","16":"shipping-taxable","17":"purchasable","18":"product-type-simple"},"_links":{"self":[{"href":"http:\/\/www.yespara.tn\/index.php?rest_route=\/wp\/v2\/product\/3494","targetHints":{"allow":["GET"]}}],"collection":[{"href":"http:\/\/www.yespara.tn\/index.php?rest_route=\/wp\/v2\/product"}],"about":[{"href":"http:\/\/www.yespara.tn\/index.php?rest_route=\/wp\/v2\/types\/product"}],"replies":[{"embeddable":true,"href":"http:\/\/www.yespara.tn\/index.php?rest_route=%2Fwp%2Fv2%2Fcomments&post=3494"}],"wp:featuredmedia":[{"embeddable":true,"href":"http:\/\/www.yespara.tn\/index.php?rest_route=\/wp\/v2\/media\/3493"}],"wp:attachment":[{"href":"http:\/\/www.yespara.tn\/index.php?rest_route=%2Fwp%2Fv2%2Fmedia&parent=3494"}],"wp:term":[{"taxonomy":"product_brand","embeddable":true,"href":"http:\/\/www.yespara.tn\/index.php?rest_route=%2Fwp%2Fv2%2Fproduct_brand&post=3494"},{"taxonomy":"product_cat","embeddable":true,"href":"http:\/\/www.yespara.tn\/index.php?rest_route=%2Fwp%2Fv2%2Fproduct_cat&post=3494"},{"taxonomy":"product_tag","embeddable":true,"href":"http:\/\/www.yespara.tn\/index.php?rest_route=%2Fwp%2Fv2%2Fproduct_tag&post=3494"}],"curies":[{"name":"wp","href":"https:\/\/api.w.org\/{rel}","templated":true}]}}