{"id":3490,"date":"2026-02-28T11:14:04","date_gmt":"2026-02-28T10:14:04","guid":{"rendered":"http:\/\/198.46.190.232\/mypara\/?product=pack-jonzac-pour-peaux-sensibles"},"modified":"2026-03-31T18:27:56","modified_gmt":"2026-03-31T17:27:56","slug":"pack-jonzac-pour-peaux-sensibles","status":"publish","type":"product","link":"http:\/\/www.yespara.tn\/?product=pack-jonzac-pour-peaux-sensibles","title":{"rendered":"Pack Jonzac pour peaux sensibles"},"content":{"rendered":"","protected":false},"excerpt":{"rendered":"<p>Profitez de notre offre sp\u00e9ciale Beauty Days ! Jonzac r\u00e9active eau micellaire apaisante 500ml +Jonzac r\u00e9active cr\u00e8me riche haute tol\u00e9rance 40ml \u00e0 un prix imbattable !<\/p>\n","protected":false},"featured_media":3489,"comment_status":"open","ping_status":"closed","template":"","meta":[],"product_brand":[],"product_cat":[2128,2752],"product_tag":[2743,2740,2753,2754],"class_list":{"0":"post-3490","1":"product","2":"type-product","3":"status-publish","4":"has-post-thumbnail","6":"product_cat-demaquillants","7":"product_cat-jonzac-ventes-flash-soins-visage-soins-anti-rougeurs-et-peau-sensible-peaux-seches-peaux-normales-a-mixtes-peaux-intolerantes-nettoyants-visage","8":"product_tag-eau-micellaire","9":"product_tag-jonzac","10":"product_tag-peaux-sensibles","11":"product_tag-soin-anti-rougeurs","13":"first","14":"instock","15":"taxable","16":"shipping-taxable","17":"purchasable","18":"product-type-simple"},"_links":{"self":[{"href":"http:\/\/www.yespara.tn\/index.php?rest_route=\/wp\/v2\/product\/3490","targetHints":{"allow":["GET"]}}],"collection":[{"href":"http:\/\/www.yespara.tn\/index.php?rest_route=\/wp\/v2\/product"}],"about":[{"href":"http:\/\/www.yespara.tn\/index.php?rest_route=\/wp\/v2\/types\/product"}],"replies":[{"embeddable":true,"href":"http:\/\/www.yespara.tn\/index.php?rest_route=%2Fwp%2Fv2%2Fcomments&post=3490"}],"wp:featuredmedia":[{"embeddable":true,"href":"http:\/\/www.yespara.tn\/index.php?rest_route=\/wp\/v2\/media\/3489"}],"wp:attachment":[{"href":"http:\/\/www.yespara.tn\/index.php?rest_route=%2Fwp%2Fv2%2Fmedia&parent=3490"}],"wp:term":[{"taxonomy":"product_brand","embeddable":true,"href":"http:\/\/www.yespara.tn\/index.php?rest_route=%2Fwp%2Fv2%2Fproduct_brand&post=3490"},{"taxonomy":"product_cat","embeddable":true,"href":"http:\/\/www.yespara.tn\/index.php?rest_route=%2Fwp%2Fv2%2Fproduct_cat&post=3490"},{"taxonomy":"product_tag","embeddable":true,"href":"http:\/\/www.yespara.tn\/index.php?rest_route=%2Fwp%2Fv2%2Fproduct_tag&post=3490"}],"curies":[{"name":"wp","href":"https:\/\/api.w.org\/{rel}","templated":true}]}}