{"id":3488,"date":"2026-02-28T11:14:03","date_gmt":"2026-02-28T10:14:03","guid":{"rendered":"http:\/\/198.46.190.232\/mypara\/?product=pack-jonzac-anti-age"},"modified":"2026-03-31T18:27:56","modified_gmt":"2026-03-31T17:27:56","slug":"pack-jonzac-anti-age","status":"publish","type":"product","link":"http:\/\/www.yespara.tn\/?product=pack-jonzac-anti-age","title":{"rendered":"Pack Jonzac anti-\u00e2ge"},"content":{"rendered":"","protected":false},"excerpt":{"rendered":"<p>Pack Jonzac anti-\u00e2ge : Eau micellaire anti-\u00e2ge +Jonzac sublimactive s\u00e9rum concentre hyaluronique anti-\u00e2ge cellulaire 30ml \u00e0 un prix imbattable !<\/p>\n","protected":false},"featured_media":3487,"comment_status":"open","ping_status":"closed","template":"","meta":[],"product_brand":[],"product_cat":[2128,2742],"product_tag":[2743,2740,2744,2745],"class_list":{"0":"post-3488","1":"product","2":"type-product","3":"status-publish","4":"has-post-thumbnail","6":"product_cat-demaquillants","7":"product_cat-jonzac-soins-visage-soins-anti-age-et-anti-rides-serums-anti-age-nettoyants-visage","8":"product_tag-eau-micellaire","9":"product_tag-jonzac","10":"product_tag-serum","11":"product_tag-soin-anti-age","13":"first","14":"instock","15":"taxable","16":"shipping-taxable","17":"purchasable","18":"product-type-simple"},"_links":{"self":[{"href":"http:\/\/www.yespara.tn\/index.php?rest_route=\/wp\/v2\/product\/3488","targetHints":{"allow":["GET"]}}],"collection":[{"href":"http:\/\/www.yespara.tn\/index.php?rest_route=\/wp\/v2\/product"}],"about":[{"href":"http:\/\/www.yespara.tn\/index.php?rest_route=\/wp\/v2\/types\/product"}],"replies":[{"embeddable":true,"href":"http:\/\/www.yespara.tn\/index.php?rest_route=%2Fwp%2Fv2%2Fcomments&post=3488"}],"wp:featuredmedia":[{"embeddable":true,"href":"http:\/\/www.yespara.tn\/index.php?rest_route=\/wp\/v2\/media\/3487"}],"wp:attachment":[{"href":"http:\/\/www.yespara.tn\/index.php?rest_route=%2Fwp%2Fv2%2Fmedia&parent=3488"}],"wp:term":[{"taxonomy":"product_brand","embeddable":true,"href":"http:\/\/www.yespara.tn\/index.php?rest_route=%2Fwp%2Fv2%2Fproduct_brand&post=3488"},{"taxonomy":"product_cat","embeddable":true,"href":"http:\/\/www.yespara.tn\/index.php?rest_route=%2Fwp%2Fv2%2Fproduct_cat&post=3488"},{"taxonomy":"product_tag","embeddable":true,"href":"http:\/\/www.yespara.tn\/index.php?rest_route=%2Fwp%2Fv2%2Fproduct_tag&post=3488"}],"curies":[{"name":"wp","href":"https:\/\/api.w.org\/{rel}","templated":true}]}}