{"id":3486,"date":"2026-02-28T11:13:57","date_gmt":"2026-02-28T10:13:57","guid":{"rendered":"http:\/\/198.46.190.232\/mypara\/?product=pack-jonzac-rehydrate-dermo-fraicheur"},"modified":"2026-03-31T18:27:56","modified_gmt":"2026-03-31T17:27:56","slug":"pack-jonzac-rehydrate-dermo-fraicheur","status":"publish","type":"product","link":"http:\/\/www.yespara.tn\/?product=pack-jonzac-rehydrate-dermo-fraicheur","title":{"rendered":"Pack Jonzac R\u00e9hydrate Dermo-fra\u00eecheur"},"content":{"rendered":"","protected":false},"excerpt":{"rendered":"<p>Pack Jonzac R\u00e9hydrate Dermo-fra\u00eecheur Jonzac r\u00e9hydrate gel dermo- nettoyant visage 200 ml +Jonzac r\u00e9hydrate gel\u00e9e fraicheur 50ml \u00e0 un prix imbattable !<\/p>\n","protected":false},"featured_media":3485,"comment_status":"open","ping_status":"closed","template":"","meta":[],"product_brand":[],"product_cat":[2128,2737],"product_tag":[2738,2739,2740,2741],"class_list":{"0":"post-3486","1":"product","2":"type-product","3":"status-publish","4":"has-post-thumbnail","6":"product_cat-demaquillants","7":"product_cat-jonzac-soins-visage-peaux-normales-a-mixtes-nettoyants-visage","8":"product_tag-gel-nettoyant","9":"product_tag-gelee-fraicheur","10":"product_tag-jonzac","11":"product_tag-rehydrate","13":"first","14":"instock","15":"taxable","16":"shipping-taxable","17":"purchasable","18":"product-type-simple"},"_links":{"self":[{"href":"http:\/\/www.yespara.tn\/index.php?rest_route=\/wp\/v2\/product\/3486","targetHints":{"allow":["GET"]}}],"collection":[{"href":"http:\/\/www.yespara.tn\/index.php?rest_route=\/wp\/v2\/product"}],"about":[{"href":"http:\/\/www.yespara.tn\/index.php?rest_route=\/wp\/v2\/types\/product"}],"replies":[{"embeddable":true,"href":"http:\/\/www.yespara.tn\/index.php?rest_route=%2Fwp%2Fv2%2Fcomments&post=3486"}],"wp:featuredmedia":[{"embeddable":true,"href":"http:\/\/www.yespara.tn\/index.php?rest_route=\/wp\/v2\/media\/3485"}],"wp:attachment":[{"href":"http:\/\/www.yespara.tn\/index.php?rest_route=%2Fwp%2Fv2%2Fmedia&parent=3486"}],"wp:term":[{"taxonomy":"product_brand","embeddable":true,"href":"http:\/\/www.yespara.tn\/index.php?rest_route=%2Fwp%2Fv2%2Fproduct_brand&post=3486"},{"taxonomy":"product_cat","embeddable":true,"href":"http:\/\/www.yespara.tn\/index.php?rest_route=%2Fwp%2Fv2%2Fproduct_cat&post=3486"},{"taxonomy":"product_tag","embeddable":true,"href":"http:\/\/www.yespara.tn\/index.php?rest_route=%2Fwp%2Fv2%2Fproduct_tag&post=3486"}],"curies":[{"name":"wp","href":"https:\/\/api.w.org\/{rel}","templated":true}]}}