{"id":3484,"date":"2026-02-28T11:13:56","date_gmt":"2026-02-28T10:13:56","guid":{"rendered":"http:\/\/198.46.190.232\/mypara\/?product=aderma-epitheliale-ah-massage-gel-huile-40ml"},"modified":"2026-03-31T18:27:56","modified_gmt":"2026-03-31T17:27:56","slug":"aderma-epitheliale-ah-massage-gel-huile-40ml","status":"publish","type":"product","link":"http:\/\/www.yespara.tn\/?product=aderma-epitheliale-ah-massage-gel-huile-40ml","title":{"rendered":"Aderma Epith\u00e9liale Ah Massage Gel Huile 40ml"},"content":{"rendered":"","protected":false},"excerpt":{"rendered":"<p>Le gel \u00e0 base d\u2019huile de massage naturelle aide \u00e0 r\u00e9duire l\u2019aspect des cicatrices et des vergetures rouges, tout en \u00e9tant adapt\u00e9 \u00e0 une utilisation sur le visage et le corps. Il convient \u00e0 tous les membres de la famille, y compris les nourrissons, les enfants, les adultes et les femmes enceintes.<\/p>\n","protected":false},"featured_media":3483,"comment_status":"open","ping_status":"closed","template":"","meta":[],"product_brand":[],"product_cat":[2732],"product_tag":[2733,2734,2725],"class_list":{"0":"post-3484","1":"product","2":"type-product","3":"status-publish","4":"has-post-thumbnail","6":"product_cat-a-derma-soins-visage-2","7":"product_tag-a-derma","8":"product_tag-cicatrisant","9":"product_tag-soin","11":"first","12":"instock","13":"taxable","14":"shipping-taxable","15":"purchasable","16":"product-type-simple"},"_links":{"self":[{"href":"http:\/\/www.yespara.tn\/index.php?rest_route=\/wp\/v2\/product\/3484","targetHints":{"allow":["GET"]}}],"collection":[{"href":"http:\/\/www.yespara.tn\/index.php?rest_route=\/wp\/v2\/product"}],"about":[{"href":"http:\/\/www.yespara.tn\/index.php?rest_route=\/wp\/v2\/types\/product"}],"replies":[{"embeddable":true,"href":"http:\/\/www.yespara.tn\/index.php?rest_route=%2Fwp%2Fv2%2Fcomments&post=3484"}],"wp:featuredmedia":[{"embeddable":true,"href":"http:\/\/www.yespara.tn\/index.php?rest_route=\/wp\/v2\/media\/3483"}],"wp:attachment":[{"href":"http:\/\/www.yespara.tn\/index.php?rest_route=%2Fwp%2Fv2%2Fmedia&parent=3484"}],"wp:term":[{"taxonomy":"product_brand","embeddable":true,"href":"http:\/\/www.yespara.tn\/index.php?rest_route=%2Fwp%2Fv2%2Fproduct_brand&post=3484"},{"taxonomy":"product_cat","embeddable":true,"href":"http:\/\/www.yespara.tn\/index.php?rest_route=%2Fwp%2Fv2%2Fproduct_cat&post=3484"},{"taxonomy":"product_tag","embeddable":true,"href":"http:\/\/www.yespara.tn\/index.php?rest_route=%2Fwp%2Fv2%2Fproduct_tag&post=3484"}],"curies":[{"name":"wp","href":"https:\/\/api.w.org\/{rel}","templated":true}]}}