{"id":3478,"date":"2026-02-28T11:13:52","date_gmt":"2026-02-28T10:13:52","guid":{"rendered":"http:\/\/198.46.190.232\/mypara\/?product=proderma-dermovera-creme-apaisante-50ml"},"modified":"2026-03-31T18:27:56","modified_gmt":"2026-03-31T17:27:56","slug":"proderma-dermovera-creme-apaisante-50ml","status":"publish","type":"product","link":"http:\/\/www.yespara.tn\/?product=proderma-dermovera-creme-apaisante-50ml","title":{"rendered":"Proderma Dermovera Creme Apaisante 50ml"},"content":{"rendered":"","protected":false},"excerpt":{"rendered":"<p>Gr\u00e2ce \u00e0 son abondance en aloe Vera, en panth\u00e9nol et en huile d\u2019amande douce, DERMOVERA repr\u00e9sente le choix id\u00e9al pour tous les types de peau au quotidien.<\/p>\n","protected":false},"featured_media":3477,"comment_status":"open","ping_status":"closed","template":"","meta":[],"product_brand":[],"product_cat":[2721],"product_tag":[2722,2723,2724,2725],"class_list":{"0":"post-3478","1":"product","2":"type-product","3":"status-publish","4":"has-post-thumbnail","6":"product_cat-proderma-soins-visage-2","7":"product_tag-apaisant","8":"product_tag-dermovera","9":"product_tag-proderma","10":"product_tag-soin","12":"first","13":"instock","14":"taxable","15":"shipping-taxable","16":"purchasable","17":"product-type-simple"},"_links":{"self":[{"href":"http:\/\/www.yespara.tn\/index.php?rest_route=\/wp\/v2\/product\/3478","targetHints":{"allow":["GET"]}}],"collection":[{"href":"http:\/\/www.yespara.tn\/index.php?rest_route=\/wp\/v2\/product"}],"about":[{"href":"http:\/\/www.yespara.tn\/index.php?rest_route=\/wp\/v2\/types\/product"}],"replies":[{"embeddable":true,"href":"http:\/\/www.yespara.tn\/index.php?rest_route=%2Fwp%2Fv2%2Fcomments&post=3478"}],"wp:featuredmedia":[{"embeddable":true,"href":"http:\/\/www.yespara.tn\/index.php?rest_route=\/wp\/v2\/media\/3477"}],"wp:attachment":[{"href":"http:\/\/www.yespara.tn\/index.php?rest_route=%2Fwp%2Fv2%2Fmedia&parent=3478"}],"wp:term":[{"taxonomy":"product_brand","embeddable":true,"href":"http:\/\/www.yespara.tn\/index.php?rest_route=%2Fwp%2Fv2%2Fproduct_brand&post=3478"},{"taxonomy":"product_cat","embeddable":true,"href":"http:\/\/www.yespara.tn\/index.php?rest_route=%2Fwp%2Fv2%2Fproduct_cat&post=3478"},{"taxonomy":"product_tag","embeddable":true,"href":"http:\/\/www.yespara.tn\/index.php?rest_route=%2Fwp%2Fv2%2Fproduct_tag&post=3478"}],"curies":[{"name":"wp","href":"https:\/\/api.w.org\/{rel}","templated":true}]}}