{"id":3476,"date":"2026-02-28T11:13:50","date_gmt":"2026-02-28T10:13:50","guid":{"rendered":"http:\/\/198.46.190.232\/mypara\/?product=la-roche-posay-anthelies-uvmune-400-creme-hydratante-teinte-spf50"},"modified":"2026-03-31T18:27:57","modified_gmt":"2026-03-31T17:27:57","slug":"la-roche-posay-anthelies-uvmune-400-creme-hydratante-teinte-spf50","status":"publish","type":"product","link":"http:\/\/www.yespara.tn\/?product=la-roche-posay-anthelies-uvmune-400-creme-hydratante-teinte-spf50","title":{"rendered":"La Roche Posay Anth\u00e9lies Uvmune 400 Cr\u00e8me Hydratante Teinte spf50+"},"content":{"rendered":"","protected":false},"excerpt":{"rendered":"<p>Cette cr\u00e8me solaire hydratante pour le visage prot\u00e8ge la peau des dommages cellulaires profonds gr\u00e2ce \u00e0 son filtre MEXORYL400 qui cible les rayons UVA ultra-longs jusqu\u2019\u00e0 400nm.<\/p>\n","protected":false},"featured_media":3475,"comment_status":"open","ping_status":"closed","template":"","meta":[],"product_brand":[],"product_cat":[2717],"product_tag":[2718,2719,2720],"class_list":{"0":"post-3476","1":"product","2":"type-product","3":"status-publish","4":"has-post-thumbnail","6":"product_cat-la-roche-posay-soins-visage-soins-solaires-2","7":"product_tag-creme","8":"product_tag-la-roche-posay","9":"product_tag-solaire","11":"first","12":"instock","13":"sale","14":"taxable","15":"shipping-taxable","16":"purchasable","17":"product-type-simple"},"_links":{"self":[{"href":"http:\/\/www.yespara.tn\/index.php?rest_route=\/wp\/v2\/product\/3476","targetHints":{"allow":["GET"]}}],"collection":[{"href":"http:\/\/www.yespara.tn\/index.php?rest_route=\/wp\/v2\/product"}],"about":[{"href":"http:\/\/www.yespara.tn\/index.php?rest_route=\/wp\/v2\/types\/product"}],"replies":[{"embeddable":true,"href":"http:\/\/www.yespara.tn\/index.php?rest_route=%2Fwp%2Fv2%2Fcomments&post=3476"}],"wp:featuredmedia":[{"embeddable":true,"href":"http:\/\/www.yespara.tn\/index.php?rest_route=\/wp\/v2\/media\/3475"}],"wp:attachment":[{"href":"http:\/\/www.yespara.tn\/index.php?rest_route=%2Fwp%2Fv2%2Fmedia&parent=3476"}],"wp:term":[{"taxonomy":"product_brand","embeddable":true,"href":"http:\/\/www.yespara.tn\/index.php?rest_route=%2Fwp%2Fv2%2Fproduct_brand&post=3476"},{"taxonomy":"product_cat","embeddable":true,"href":"http:\/\/www.yespara.tn\/index.php?rest_route=%2Fwp%2Fv2%2Fproduct_cat&post=3476"},{"taxonomy":"product_tag","embeddable":true,"href":"http:\/\/www.yespara.tn\/index.php?rest_route=%2Fwp%2Fv2%2Fproduct_tag&post=3476"}],"curies":[{"name":"wp","href":"https:\/\/api.w.org\/{rel}","templated":true}]}}