{"id":3470,"date":"2026-02-28T11:13:46","date_gmt":"2026-02-28T10:13:46","guid":{"rendered":"http:\/\/198.46.190.232\/mypara\/?product=apivita-3en1-cleansing-milk-lait-nettoyant-200ml"},"modified":"2026-03-31T18:27:57","modified_gmt":"2026-03-31T17:27:57","slug":"apivita-3en1-cleansing-milk-lait-nettoyant-200ml","status":"publish","type":"product","link":"http:\/\/www.yespara.tn\/?product=apivita-3en1-cleansing-milk-lait-nettoyant-200ml","title":{"rendered":"Apivita 3en1 Cleansing Milk Lait Nettoyant 200ml"},"content":{"rendered":"","protected":false},"excerpt":{"rendered":"<p>Enl\u00e8ve le maquillage et les impuret\u00e9s Tonifie la peau et la laisse douce et confortable Offre une action anti-pollution renforc\u00e9e<\/p>\n","protected":false},"featured_media":3469,"comment_status":"open","ping_status":"closed","template":"","meta":[],"product_brand":[],"product_cat":[2673,2128,2640,2596],"product_tag":[2670,2713,2714,2712],"class_list":{"0":"post-3470","1":"product","2":"type-product","3":"status-publish","4":"has-post-thumbnail","6":"product_cat-apivita-soins-visage-emulsion","7":"product_cat-demaquillants","8":"product_cat-lait-nettoyants-visage","9":"product_cat-mousse","10":"product_tag-apivita","11":"product_tag-lait","12":"product_tag-maquillage","13":"product_tag-nettoyant","15":"first","16":"instock","17":"taxable","18":"shipping-taxable","19":"purchasable","20":"product-type-simple"},"_links":{"self":[{"href":"http:\/\/www.yespara.tn\/index.php?rest_route=\/wp\/v2\/product\/3470","targetHints":{"allow":["GET"]}}],"collection":[{"href":"http:\/\/www.yespara.tn\/index.php?rest_route=\/wp\/v2\/product"}],"about":[{"href":"http:\/\/www.yespara.tn\/index.php?rest_route=\/wp\/v2\/types\/product"}],"replies":[{"embeddable":true,"href":"http:\/\/www.yespara.tn\/index.php?rest_route=%2Fwp%2Fv2%2Fcomments&post=3470"}],"wp:featuredmedia":[{"embeddable":true,"href":"http:\/\/www.yespara.tn\/index.php?rest_route=\/wp\/v2\/media\/3469"}],"wp:attachment":[{"href":"http:\/\/www.yespara.tn\/index.php?rest_route=%2Fwp%2Fv2%2Fmedia&parent=3470"}],"wp:term":[{"taxonomy":"product_brand","embeddable":true,"href":"http:\/\/www.yespara.tn\/index.php?rest_route=%2Fwp%2Fv2%2Fproduct_brand&post=3470"},{"taxonomy":"product_cat","embeddable":true,"href":"http:\/\/www.yespara.tn\/index.php?rest_route=%2Fwp%2Fv2%2Fproduct_cat&post=3470"},{"taxonomy":"product_tag","embeddable":true,"href":"http:\/\/www.yespara.tn\/index.php?rest_route=%2Fwp%2Fv2%2Fproduct_tag&post=3470"}],"curies":[{"name":"wp","href":"https:\/\/api.w.org\/{rel}","templated":true}]}}