{"id":3454,"date":"2026-02-28T11:13:33","date_gmt":"2026-02-28T10:13:33","guid":{"rendered":"http:\/\/198.46.190.232\/mypara\/?product=svr-hyalu-biotic-50ml"},"modified":"2026-03-31T18:27:57","modified_gmt":"2026-03-31T17:27:57","slug":"svr-hyalu-biotic-50ml","status":"publish","type":"product","link":"http:\/\/www.yespara.tn\/?product=svr-hyalu-biotic-50ml","title":{"rendered":"Svr Hyalu Biotic 50ML"},"content":{"rendered":"","protected":false},"excerpt":{"rendered":"<p>Gel\u00e9e r\u00e9g\u00e9n\u00e9rante repulpante [HYALU]Biotic 50ml | 48h d\u2019hydratation dans une texture rafra\u00eechissante repulpante !<\/p>\n","protected":false},"featured_media":3453,"comment_status":"open","ping_status":"closed","template":"","meta":[],"product_brand":[],"product_cat":[2128,2699],"product_tag":[],"class_list":{"0":"post-3454","1":"product","2":"type-product","3":"status-publish","4":"has-post-thumbnail","6":"product_cat-demaquillants","7":"product_cat-svr-soins-visage-soins-hydratants-et-nourrissants-nettoyants-visage","9":"first","10":"instock","11":"taxable","12":"shipping-taxable","13":"purchasable","14":"product-type-simple"},"_links":{"self":[{"href":"http:\/\/www.yespara.tn\/index.php?rest_route=\/wp\/v2\/product\/3454","targetHints":{"allow":["GET"]}}],"collection":[{"href":"http:\/\/www.yespara.tn\/index.php?rest_route=\/wp\/v2\/product"}],"about":[{"href":"http:\/\/www.yespara.tn\/index.php?rest_route=\/wp\/v2\/types\/product"}],"replies":[{"embeddable":true,"href":"http:\/\/www.yespara.tn\/index.php?rest_route=%2Fwp%2Fv2%2Fcomments&post=3454"}],"wp:featuredmedia":[{"embeddable":true,"href":"http:\/\/www.yespara.tn\/index.php?rest_route=\/wp\/v2\/media\/3453"}],"wp:attachment":[{"href":"http:\/\/www.yespara.tn\/index.php?rest_route=%2Fwp%2Fv2%2Fmedia&parent=3454"}],"wp:term":[{"taxonomy":"product_brand","embeddable":true,"href":"http:\/\/www.yespara.tn\/index.php?rest_route=%2Fwp%2Fv2%2Fproduct_brand&post=3454"},{"taxonomy":"product_cat","embeddable":true,"href":"http:\/\/www.yespara.tn\/index.php?rest_route=%2Fwp%2Fv2%2Fproduct_cat&post=3454"},{"taxonomy":"product_tag","embeddable":true,"href":"http:\/\/www.yespara.tn\/index.php?rest_route=%2Fwp%2Fv2%2Fproduct_tag&post=3454"}],"curies":[{"name":"wp","href":"https:\/\/api.w.org\/{rel}","templated":true}]}}