{"id":3452,"date":"2026-02-28T11:13:31","date_gmt":"2026-02-28T10:13:31","guid":{"rendered":"http:\/\/198.46.190.232\/mypara\/?product=isdin-k-ox-eyes-15g"},"modified":"2026-03-31T18:27:58","modified_gmt":"2026-03-31T17:27:58","slug":"isdin-k-ox-eyes-15g","status":"publish","type":"product","link":"http:\/\/www.yespara.tn\/?product=isdin-k-ox-eyes-15g","title":{"rendered":"ISDIN k-ox eyes 15G"},"content":{"rendered":"","protected":false},"excerpt":{"rendered":"<p>Cr\u00e8me contour des yeux indiqu\u00e9e pour le soin sp\u00e9cifique des poches et des cernes.<\/p>\n","protected":false},"featured_media":3451,"comment_status":"open","ping_status":"closed","template":"","meta":[],"product_brand":[],"product_cat":[2696],"product_tag":[2697],"class_list":{"0":"post-3452","1":"product","2":"type-product","3":"status-publish","4":"has-post-thumbnail","6":"product_cat-isdin-yeux-et-levres-2","7":"product_tag-isdin-kox-eyes-15g","9":"first","10":"instock","11":"taxable","12":"shipping-taxable","13":"purchasable","14":"product-type-simple"},"_links":{"self":[{"href":"http:\/\/www.yespara.tn\/index.php?rest_route=\/wp\/v2\/product\/3452","targetHints":{"allow":["GET"]}}],"collection":[{"href":"http:\/\/www.yespara.tn\/index.php?rest_route=\/wp\/v2\/product"}],"about":[{"href":"http:\/\/www.yespara.tn\/index.php?rest_route=\/wp\/v2\/types\/product"}],"replies":[{"embeddable":true,"href":"http:\/\/www.yespara.tn\/index.php?rest_route=%2Fwp%2Fv2%2Fcomments&post=3452"}],"wp:featuredmedia":[{"embeddable":true,"href":"http:\/\/www.yespara.tn\/index.php?rest_route=\/wp\/v2\/media\/3451"}],"wp:attachment":[{"href":"http:\/\/www.yespara.tn\/index.php?rest_route=%2Fwp%2Fv2%2Fmedia&parent=3452"}],"wp:term":[{"taxonomy":"product_brand","embeddable":true,"href":"http:\/\/www.yespara.tn\/index.php?rest_route=%2Fwp%2Fv2%2Fproduct_brand&post=3452"},{"taxonomy":"product_cat","embeddable":true,"href":"http:\/\/www.yespara.tn\/index.php?rest_route=%2Fwp%2Fv2%2Fproduct_cat&post=3452"},{"taxonomy":"product_tag","embeddable":true,"href":"http:\/\/www.yespara.tn\/index.php?rest_route=%2Fwp%2Fv2%2Fproduct_tag&post=3452"}],"curies":[{"name":"wp","href":"https:\/\/api.w.org\/{rel}","templated":true}]}}