{"id":3448,"date":"2026-02-28T11:13:28","date_gmt":"2026-02-28T10:13:28","guid":{"rendered":"http:\/\/198.46.190.232\/mypara\/?product=apivita-face-masque-green-clay_argile-verte-628"},"modified":"2026-03-31T18:27:58","modified_gmt":"2026-03-31T17:27:58","slug":"apivita-face-masque-green-clay_argile-verte-628","status":"publish","type":"product","link":"http:\/\/www.yespara.tn\/?product=apivita-face-masque-green-clay_argile-verte-628","title":{"rendered":"Apivita Face Masque Green Clay_Argile Verte 6*2*8"},"content":{"rendered":"","protected":false},"excerpt":{"rendered":"<p>Apivita Face Masque Green Clay_Argile Verte 6*2*8 Masque visage EXPRESS BEAUTY \u00e0 l\u2019argile verte, une argile tr\u00e8s adsorbante connue pour son action d\u00e9toxifiante. Id\u00e9al pour les peaux grasses \u00e0 tendance acn\u00e9ique.<\/p>\n","protected":false},"featured_media":3447,"comment_status":"open","ping_status":"closed","template":"","meta":[],"product_brand":[],"product_cat":[2686],"product_tag":[2670,2690,2691,2685],"class_list":{"0":"post-3448","1":"product","2":"type-product","3":"status-publish","4":"has-post-thumbnail","6":"product_cat-apivita-soins-visage-masques-visage-et-gommage","7":"product_tag-apivita","8":"product_tag-face","9":"product_tag-green","10":"product_tag-mask","12":"first","13":"instock","14":"taxable","15":"shipping-taxable","16":"purchasable","17":"product-type-simple"},"_links":{"self":[{"href":"http:\/\/www.yespara.tn\/index.php?rest_route=\/wp\/v2\/product\/3448","targetHints":{"allow":["GET"]}}],"collection":[{"href":"http:\/\/www.yespara.tn\/index.php?rest_route=\/wp\/v2\/product"}],"about":[{"href":"http:\/\/www.yespara.tn\/index.php?rest_route=\/wp\/v2\/types\/product"}],"replies":[{"embeddable":true,"href":"http:\/\/www.yespara.tn\/index.php?rest_route=%2Fwp%2Fv2%2Fcomments&post=3448"}],"wp:featuredmedia":[{"embeddable":true,"href":"http:\/\/www.yespara.tn\/index.php?rest_route=\/wp\/v2\/media\/3447"}],"wp:attachment":[{"href":"http:\/\/www.yespara.tn\/index.php?rest_route=%2Fwp%2Fv2%2Fmedia&parent=3448"}],"wp:term":[{"taxonomy":"product_brand","embeddable":true,"href":"http:\/\/www.yespara.tn\/index.php?rest_route=%2Fwp%2Fv2%2Fproduct_brand&post=3448"},{"taxonomy":"product_cat","embeddable":true,"href":"http:\/\/www.yespara.tn\/index.php?rest_route=%2Fwp%2Fv2%2Fproduct_cat&post=3448"},{"taxonomy":"product_tag","embeddable":true,"href":"http:\/\/www.yespara.tn\/index.php?rest_route=%2Fwp%2Fv2%2Fproduct_tag&post=3448"}],"curies":[{"name":"wp","href":"https:\/\/api.w.org\/{rel}","templated":true}]}}