{"id":3444,"date":"2026-02-28T11:13:25","date_gmt":"2026-02-28T10:13:25","guid":{"rendered":"http:\/\/198.46.190.232\/mypara\/?product=apivita-face-scrub_soin-gommant-abricot-628"},"modified":"2026-03-31T18:27:58","modified_gmt":"2026-03-31T17:27:58","slug":"apivita-face-scrub_soin-gommant-abricot-628","status":"publish","type":"product","link":"http:\/\/www.yespara.tn\/?product=apivita-face-scrub_soin-gommant-abricot-628","title":{"rendered":"Apivita Face Scrub_Soin Gommant Abricot 6*2*8"},"content":{"rendered":"","protected":false},"excerpt":{"rendered":"<p>Apivita Face Scrub_Soin Gommant Abricot 6*2*8 \u00c9limine les cellules mortes de la peau. Lisse les irr\u00e9gularit\u00e9s de la peau. Rafra\u00eechit l\u2019apparence de la peau.<\/p>\n","protected":false},"featured_media":3443,"comment_status":"open","ping_status":"closed","template":"","meta":[],"product_brand":[],"product_cat":[2686],"product_tag":[2670,2685,2687,2688],"class_list":{"0":"post-3444","1":"product","2":"type-product","3":"status-publish","4":"has-post-thumbnail","6":"product_cat-apivita-soins-visage-masques-visage-et-gommage","7":"product_tag-apivita","8":"product_tag-mask","9":"product_tag-scrub","10":"product_tag-visage","12":"first","13":"instock","14":"taxable","15":"shipping-taxable","16":"purchasable","17":"product-type-simple"},"_links":{"self":[{"href":"http:\/\/www.yespara.tn\/index.php?rest_route=\/wp\/v2\/product\/3444","targetHints":{"allow":["GET"]}}],"collection":[{"href":"http:\/\/www.yespara.tn\/index.php?rest_route=\/wp\/v2\/product"}],"about":[{"href":"http:\/\/www.yespara.tn\/index.php?rest_route=\/wp\/v2\/types\/product"}],"replies":[{"embeddable":true,"href":"http:\/\/www.yespara.tn\/index.php?rest_route=%2Fwp%2Fv2%2Fcomments&post=3444"}],"wp:featuredmedia":[{"embeddable":true,"href":"http:\/\/www.yespara.tn\/index.php?rest_route=\/wp\/v2\/media\/3443"}],"wp:attachment":[{"href":"http:\/\/www.yespara.tn\/index.php?rest_route=%2Fwp%2Fv2%2Fmedia&parent=3444"}],"wp:term":[{"taxonomy":"product_brand","embeddable":true,"href":"http:\/\/www.yespara.tn\/index.php?rest_route=%2Fwp%2Fv2%2Fproduct_brand&post=3444"},{"taxonomy":"product_cat","embeddable":true,"href":"http:\/\/www.yespara.tn\/index.php?rest_route=%2Fwp%2Fv2%2Fproduct_cat&post=3444"},{"taxonomy":"product_tag","embeddable":true,"href":"http:\/\/www.yespara.tn\/index.php?rest_route=%2Fwp%2Fv2%2Fproduct_tag&post=3444"}],"curies":[{"name":"wp","href":"https:\/\/api.w.org\/{rel}","templated":true}]}}