{"id":3434,"date":"2026-02-28T11:13:17","date_gmt":"2026-02-28T10:13:17","guid":{"rendered":"http:\/\/198.46.190.232\/mypara\/?product=apivita-stick-a-levres-propolis"},"modified":"2026-03-31T18:27:58","modified_gmt":"2026-03-31T17:27:58","slug":"apivita-stick-a-levres-propolis","status":"publish","type":"product","link":"http:\/\/www.yespara.tn\/?product=apivita-stick-a-levres-propolis","title":{"rendered":"Apivita Stick A L\u00e8vres Propolis"},"content":{"rendered":"","protected":false},"excerpt":{"rendered":"<p>Apivita Stick A L\u00e8vres Propolis 99% d\u2019origine naturelle Soulage instantan\u00e9ment les l\u00e8vres s\u00e8ches et gerc\u00e9es Prot\u00e8ge et hydrate Apaise<\/p>\n","protected":false},"featured_media":3433,"comment_status":"open","ping_status":"closed","template":"","meta":[],"product_brand":[],"product_cat":[2669],"product_tag":[2670,2671,2672],"class_list":{"0":"post-3434","1":"product","2":"type-product","3":"status-publish","4":"has-post-thumbnail","6":"product_cat-apivita","7":"product_tag-apivita","8":"product_tag-levres","9":"product_tag-stick","11":"first","12":"instock","13":"taxable","14":"shipping-taxable","15":"purchasable","16":"product-type-simple"},"_links":{"self":[{"href":"http:\/\/www.yespara.tn\/index.php?rest_route=\/wp\/v2\/product\/3434","targetHints":{"allow":["GET"]}}],"collection":[{"href":"http:\/\/www.yespara.tn\/index.php?rest_route=\/wp\/v2\/product"}],"about":[{"href":"http:\/\/www.yespara.tn\/index.php?rest_route=\/wp\/v2\/types\/product"}],"replies":[{"embeddable":true,"href":"http:\/\/www.yespara.tn\/index.php?rest_route=%2Fwp%2Fv2%2Fcomments&post=3434"}],"wp:featuredmedia":[{"embeddable":true,"href":"http:\/\/www.yespara.tn\/index.php?rest_route=\/wp\/v2\/media\/3433"}],"wp:attachment":[{"href":"http:\/\/www.yespara.tn\/index.php?rest_route=%2Fwp%2Fv2%2Fmedia&parent=3434"}],"wp:term":[{"taxonomy":"product_brand","embeddable":true,"href":"http:\/\/www.yespara.tn\/index.php?rest_route=%2Fwp%2Fv2%2Fproduct_brand&post=3434"},{"taxonomy":"product_cat","embeddable":true,"href":"http:\/\/www.yespara.tn\/index.php?rest_route=%2Fwp%2Fv2%2Fproduct_cat&post=3434"},{"taxonomy":"product_tag","embeddable":true,"href":"http:\/\/www.yespara.tn\/index.php?rest_route=%2Fwp%2Fv2%2Fproduct_tag&post=3434"}],"curies":[{"name":"wp","href":"https:\/\/api.w.org\/{rel}","templated":true}]}}