{"id":3426,"date":"2026-02-28T11:13:07","date_gmt":"2026-02-28T10:13:07","guid":{"rendered":"http:\/\/198.46.190.232\/mypara\/?product=isdin-acniben-masque-facial-purifiant-visage-75ml"},"modified":"2026-03-31T18:27:59","modified_gmt":"2026-03-31T17:27:59","slug":"isdin-acniben-masque-facial-purifiant-visage-75ml","status":"publish","type":"product","link":"http:\/\/www.yespara.tn\/?product=isdin-acniben-masque-facial-purifiant-visage-75ml","title":{"rendered":"ISDIN acniben MASQUE facial purifiant visage 75ML"},"content":{"rendered":"","protected":false},"excerpt":{"rendered":"<p>\ud83c\udf3f Offrez une hygi\u00e8ne optimale aux peaux grasses ou \u00e0 tendance acn\u00e9ique avec le Masque Facial Purifiant Acniben\u00ae d\u2019ISDIN. \u2728 Nettoie en profondeur, r\u00e9duit instantan\u00e9ment l\u2019exc\u00e8s de s\u00e9bum, et aide \u00e0 diminuer brillance, boutons et points noirs\ud83e\uddd6\u200d\u2640\ufe0f.<\/p>\n","protected":false},"featured_media":3425,"comment_status":"open","ping_status":"closed","template":"","meta":[],"product_brand":[],"product_cat":[2664],"product_tag":[],"class_list":{"0":"post-3426","1":"product","2":"type-product","3":"status-publish","4":"has-post-thumbnail","6":"product_cat-isdin-soins-visage-masques-visage-et-gommage","8":"first","9":"instock","10":"taxable","11":"shipping-taxable","12":"purchasable","13":"product-type-simple"},"_links":{"self":[{"href":"http:\/\/www.yespara.tn\/index.php?rest_route=\/wp\/v2\/product\/3426","targetHints":{"allow":["GET"]}}],"collection":[{"href":"http:\/\/www.yespara.tn\/index.php?rest_route=\/wp\/v2\/product"}],"about":[{"href":"http:\/\/www.yespara.tn\/index.php?rest_route=\/wp\/v2\/types\/product"}],"replies":[{"embeddable":true,"href":"http:\/\/www.yespara.tn\/index.php?rest_route=%2Fwp%2Fv2%2Fcomments&post=3426"}],"wp:featuredmedia":[{"embeddable":true,"href":"http:\/\/www.yespara.tn\/index.php?rest_route=\/wp\/v2\/media\/3425"}],"wp:attachment":[{"href":"http:\/\/www.yespara.tn\/index.php?rest_route=%2Fwp%2Fv2%2Fmedia&parent=3426"}],"wp:term":[{"taxonomy":"product_brand","embeddable":true,"href":"http:\/\/www.yespara.tn\/index.php?rest_route=%2Fwp%2Fv2%2Fproduct_brand&post=3426"},{"taxonomy":"product_cat","embeddable":true,"href":"http:\/\/www.yespara.tn\/index.php?rest_route=%2Fwp%2Fv2%2Fproduct_cat&post=3426"},{"taxonomy":"product_tag","embeddable":true,"href":"http:\/\/www.yespara.tn\/index.php?rest_route=%2Fwp%2Fv2%2Fproduct_tag&post=3426"}],"curies":[{"name":"wp","href":"https:\/\/api.w.org\/{rel}","templated":true}]}}