{"id":3424,"date":"2026-02-28T11:13:06","date_gmt":"2026-02-28T10:13:06","guid":{"rendered":"http:\/\/198.46.190.232\/mypara\/?product=isdin-acniben-spray-corporel-anti%e2%80%90boutons-150-ml"},"modified":"2026-03-31T18:27:59","modified_gmt":"2026-03-31T17:27:59","slug":"isdin-acniben-spray-corporel-anti%e2%80%90boutons-150-ml","status":"publish","type":"product","link":"http:\/\/www.yespara.tn\/?product=isdin-acniben-spray-corporel-anti%e2%80%90boutons-150-ml","title":{"rendered":"ISDIN acniben SPRAY corporel anti\u2010boutons 150 ML"},"content":{"rendered":"","protected":false},"excerpt":{"rendered":"<p>ISDIN Acniben Body est un spray corporel anti-boutons particuli\u00e8rement indiqu\u00e9 pour les peaux grasses \u00e0 tendance acn\u00e9ique.<\/p>\n","protected":false},"featured_media":3423,"comment_status":"open","ping_status":"closed","template":"","meta":[],"product_brand":[],"product_cat":[2663,2140],"product_tag":[],"class_list":{"0":"post-3424","1":"product","2":"type-product","3":"status-publish","4":"has-post-thumbnail","6":"product_cat-isdin-soins-pour-le-corps-mixte-et-acne","7":"product_cat-soins-peau-grasse","9":"first","10":"instock","11":"taxable","12":"shipping-taxable","13":"purchasable","14":"product-type-simple"},"_links":{"self":[{"href":"http:\/\/www.yespara.tn\/index.php?rest_route=\/wp\/v2\/product\/3424","targetHints":{"allow":["GET"]}}],"collection":[{"href":"http:\/\/www.yespara.tn\/index.php?rest_route=\/wp\/v2\/product"}],"about":[{"href":"http:\/\/www.yespara.tn\/index.php?rest_route=\/wp\/v2\/types\/product"}],"replies":[{"embeddable":true,"href":"http:\/\/www.yespara.tn\/index.php?rest_route=%2Fwp%2Fv2%2Fcomments&post=3424"}],"wp:featuredmedia":[{"embeddable":true,"href":"http:\/\/www.yespara.tn\/index.php?rest_route=\/wp\/v2\/media\/3423"}],"wp:attachment":[{"href":"http:\/\/www.yespara.tn\/index.php?rest_route=%2Fwp%2Fv2%2Fmedia&parent=3424"}],"wp:term":[{"taxonomy":"product_brand","embeddable":true,"href":"http:\/\/www.yespara.tn\/index.php?rest_route=%2Fwp%2Fv2%2Fproduct_brand&post=3424"},{"taxonomy":"product_cat","embeddable":true,"href":"http:\/\/www.yespara.tn\/index.php?rest_route=%2Fwp%2Fv2%2Fproduct_cat&post=3424"},{"taxonomy":"product_tag","embeddable":true,"href":"http:\/\/www.yespara.tn\/index.php?rest_route=%2Fwp%2Fv2%2Fproduct_tag&post=3424"}],"curies":[{"name":"wp","href":"https:\/\/api.w.org\/{rel}","templated":true}]}}