{"id":3420,"date":"2026-02-28T11:13:03","date_gmt":"2026-02-28T10:13:03","guid":{"rendered":"http:\/\/198.46.190.232\/mypara\/?product=nuxe-nuxuriance-ultra-la-creme-anti-age-global"},"modified":"2026-03-31T18:27:59","modified_gmt":"2026-03-31T17:27:59","slug":"nuxe-nuxuriance-ultra-la-creme-anti-age-global","status":"publish","type":"product","link":"http:\/\/www.yespara.tn\/?product=nuxe-nuxuriance-ultra-la-creme-anti-age-global","title":{"rendered":"Nuxe Nuxuriance ULTRA \u2013 La cr\u00e8me anti-\u00e2ge global"},"content":{"rendered":"","protected":false},"excerpt":{"rendered":"<p>L\u2019anti-\u00e2ge global plus efficace que le retinol TECHNOLOGIE ALFA [3R] \u2013 Revitalise, r\u00e9g\u00e9n\u00e8re, resurface tous types de peaux. 97% d\u2019ingr\u00e9dients d\u2019origine naturelle.<\/p>\n","protected":false},"featured_media":3419,"comment_status":"open","ping_status":"closed","template":"","meta":[],"product_brand":[],"product_cat":[2661],"product_tag":[],"class_list":{"0":"post-3420","1":"product","2":"type-product","3":"status-publish","4":"has-post-thumbnail","6":"product_cat-nuxe-toutes-peaux-soins-visage-soins-anti-age-et-anti-rides-nos-coffrets-soins-2","8":"first","9":"instock","10":"taxable","11":"shipping-taxable","12":"purchasable","13":"product-type-simple"},"_links":{"self":[{"href":"http:\/\/www.yespara.tn\/index.php?rest_route=\/wp\/v2\/product\/3420","targetHints":{"allow":["GET"]}}],"collection":[{"href":"http:\/\/www.yespara.tn\/index.php?rest_route=\/wp\/v2\/product"}],"about":[{"href":"http:\/\/www.yespara.tn\/index.php?rest_route=\/wp\/v2\/types\/product"}],"replies":[{"embeddable":true,"href":"http:\/\/www.yespara.tn\/index.php?rest_route=%2Fwp%2Fv2%2Fcomments&post=3420"}],"wp:featuredmedia":[{"embeddable":true,"href":"http:\/\/www.yespara.tn\/index.php?rest_route=\/wp\/v2\/media\/3419"}],"wp:attachment":[{"href":"http:\/\/www.yespara.tn\/index.php?rest_route=%2Fwp%2Fv2%2Fmedia&parent=3420"}],"wp:term":[{"taxonomy":"product_brand","embeddable":true,"href":"http:\/\/www.yespara.tn\/index.php?rest_route=%2Fwp%2Fv2%2Fproduct_brand&post=3420"},{"taxonomy":"product_cat","embeddable":true,"href":"http:\/\/www.yespara.tn\/index.php?rest_route=%2Fwp%2Fv2%2Fproduct_cat&post=3420"},{"taxonomy":"product_tag","embeddable":true,"href":"http:\/\/www.yespara.tn\/index.php?rest_route=%2Fwp%2Fv2%2Fproduct_tag&post=3420"}],"curies":[{"name":"wp","href":"https:\/\/api.w.org\/{rel}","templated":true}]}}