{"id":3412,"date":"2026-02-28T11:12:56","date_gmt":"2026-02-28T10:12:56","guid":{"rendered":"http:\/\/198.46.190.232\/mypara\/?product=puralia-eau-micellaire-250-ml"},"modified":"2026-03-31T18:27:59","modified_gmt":"2026-03-31T17:27:59","slug":"puralia-eau-micellaire-250-ml","status":"publish","type":"product","link":"http:\/\/www.yespara.tn\/?product=puralia-eau-micellaire-250-ml","title":{"rendered":"PURALIA EAU MICELLAIRE 250 ML"},"content":{"rendered":"<p>Rituel quotidien de beaut\u00e9, l\u2019Eau Micellaire Puralia nettoie et d\u00e9maquille le visage et les yeux en un seul geste. Formul\u00e9 \u00e0 base d\u2019eau de fleur d\u2019oranger tonifiante et d\u2019aloe vera aux vertus hydratantes, elle respecte l\u2019\u00e9quilibre naturel de la peau, m\u00eame les plus sensibles. La peau est alors fra\u00eeche, douce et confortable. Imbiber un coton. Nettoyer et\/ou d\u00e9maquiller visage et yeux. Renouveler l\u2019application jusqu\u2019\u00e0 ce que le coton soit propre. Test\u00e9 sous contr\u00f4le dermatologique.<\/p>\n","protected":false},"excerpt":{"rendered":"<p>Rituel quotidien de beaut\u00e9, l\u2019Eau Micellaire Puralia nettoie et d\u00e9maquille le visage et les yeux en un seul geste. Formul\u00e9 \u00e0 base d\u2019eau de fleur d\u2019oranger tonifiante et d\u2019aloe vera aux vertus hydratantes, elle respecte l\u2019\u00e9quilibre naturel de la peau, m\u00eame les plus sensibles. La peau est alors fra\u00eeche, douce et confortable. Imbiber un coton. [&hellip;]<\/p>\n","protected":false},"featured_media":3411,"comment_status":"open","ping_status":"closed","template":"","meta":[],"product_brand":[],"product_cat":[2128,2170,2647],"product_tag":[],"class_list":{"0":"post-3412","1":"product","2":"type-product","3":"status-publish","4":"has-post-thumbnail","6":"product_cat-demaquillants","7":"product_cat-eau-tonique","8":"product_cat-puralia-soins-visage-lotion","10":"first","11":"instock","12":"taxable","13":"shipping-taxable","14":"purchasable","15":"product-type-simple"},"_links":{"self":[{"href":"http:\/\/www.yespara.tn\/index.php?rest_route=\/wp\/v2\/product\/3412","targetHints":{"allow":["GET"]}}],"collection":[{"href":"http:\/\/www.yespara.tn\/index.php?rest_route=\/wp\/v2\/product"}],"about":[{"href":"http:\/\/www.yespara.tn\/index.php?rest_route=\/wp\/v2\/types\/product"}],"replies":[{"embeddable":true,"href":"http:\/\/www.yespara.tn\/index.php?rest_route=%2Fwp%2Fv2%2Fcomments&post=3412"}],"wp:featuredmedia":[{"embeddable":true,"href":"http:\/\/www.yespara.tn\/index.php?rest_route=\/wp\/v2\/media\/3411"}],"wp:attachment":[{"href":"http:\/\/www.yespara.tn\/index.php?rest_route=%2Fwp%2Fv2%2Fmedia&parent=3412"}],"wp:term":[{"taxonomy":"product_brand","embeddable":true,"href":"http:\/\/www.yespara.tn\/index.php?rest_route=%2Fwp%2Fv2%2Fproduct_brand&post=3412"},{"taxonomy":"product_cat","embeddable":true,"href":"http:\/\/www.yespara.tn\/index.php?rest_route=%2Fwp%2Fv2%2Fproduct_cat&post=3412"},{"taxonomy":"product_tag","embeddable":true,"href":"http:\/\/www.yespara.tn\/index.php?rest_route=%2Fwp%2Fv2%2Fproduct_tag&post=3412"}],"curies":[{"name":"wp","href":"https:\/\/api.w.org\/{rel}","templated":true}]}}