{"id":3410,"date":"2026-02-28T11:12:55","date_gmt":"2026-02-28T10:12:55","guid":{"rendered":"http:\/\/198.46.190.232\/mypara\/?product=puralia-gelee-nettoyante-visage-250ml"},"modified":"2026-03-31T18:27:59","modified_gmt":"2026-03-31T17:27:59","slug":"puralia-gelee-nettoyante-visage-250ml","status":"publish","type":"product","link":"http:\/\/www.yespara.tn\/?product=puralia-gelee-nettoyante-visage-250ml","title":{"rendered":"PURALIA gel\u00e9e nettoyante visage 250ml"},"content":{"rendered":"<p>\ud83c\udf3f Gel\u00e9e Nettoyante PURALIA \u2728 Bienfaits \ud83c\udf31 Adapt\u00e9e \u00e0 tous les types de peaux . \ud83d\udca7 Enrichie en Aloe Vera pour hydrater et apaiser . \ud83c\udf3f Contient de l\u2019 hydrolat de romarin pour tonifier et resserrer les pores. \ud83d\udca6 Se transforme en mousse l\u00e9g\u00e8re au contact de l\u2019eau pour nettoyer intens\u00e9ment et \u00e9liminer les impuret\u00e9s . \ud83d\udcdd Composition \ud83c\udf3f Ingr\u00e9dients issus de l\u2019Agriculture Biologique : \ud83c\udf4a Eau de fleur d\u2019oranger \ud83c\udf3f Hydrolat de romarin \ud83c\udf31 Jus d\u2019Aloe Vera \ud83e\udd65 Coco Glucoside \ud83d\udd04 Autres ingr\u00e9dients : Glyc\u00e9rine Xanthan Gum Acide citrique Alcool benzylique Acide d\u00e9hydroac\u00e9tique Parfum 99,4% d\u2019origine naturelle 10,4% des ingr\u00e9dients sont issus de l\u2019Agriculture Biologique \ud83d\udccb Utilisation \ud83d\udca6 Appliquez matin et soir sur le visage et le cou humidifi\u00e9s . \ud83c\udf00 Faites mousser avec des mouvements circulaires (\u00e9vitez le contour des yeux). \ud83d\udebf Rincez abondamment \u00e0 l\u2019eau claire. \ud83c\udf3f R\u00e9sultats \ud83d\udca7 Peau intens\u00e9ment nettoy\u00e9e . \ud83c\udf38 Peau hydrat\u00e9e et apais\u00e9e . \ud83c\udff7\ufe0f Conditionnement Flacon 250ml \ud83c\udf0d Labels \ud83c\udf31 Certifi\u00e9 Bio par Ecocert Cosmos Organic . \ud83c\udf3f \u00c0 propos de PURALIA \ud83c\uddf9\ud83c\uddf3 Marque tunisienne garantissant des produits sains et efficaces . \ud83c\udf3f Certifications Cosmos Organic assurant des pratiques \u00e9thiques et responsables . \ud83c\udf31 Ingr\u00e9dients d\u2019 exception pour offrir \u00e0 votre peau ce qu\u2019elle m\u00e9rite, sans produits superflus ni controvers\u00e9s.<\/p>\n","protected":false},"excerpt":{"rendered":"<p>\ud83c\udf31 Adapt\u00e9e \u00e0 tous les types de peaux . \ud83d\udca7 Enrichie en Aloe Vera pour hydrater et apaiser . \ud83c\udf3f Contient de l\u2019 hydrolat de romarin pour tonifier et resserrer les pores. \ud83d\udca6 Se transforme en mousse l\u00e9g\u00e8re au contact de l\u2019eau pour nettoyer intens\u00e9ment et \u00e9liminer les impuret\u00e9s .<\/p>\n","protected":false},"featured_media":3409,"comment_status":"open","ping_status":"closed","template":"","meta":[],"product_brand":[],"product_cat":[2128,2646],"product_tag":[],"class_list":{"0":"post-3410","1":"product","2":"type-product","3":"status-publish","4":"has-post-thumbnail","6":"product_cat-demaquillants","7":"product_cat-puralia-soins-visage-gels-nettoyants","9":"first","10":"instock","11":"taxable","12":"shipping-taxable","13":"purchasable","14":"product-type-simple"},"_links":{"self":[{"href":"http:\/\/www.yespara.tn\/index.php?rest_route=\/wp\/v2\/product\/3410","targetHints":{"allow":["GET"]}}],"collection":[{"href":"http:\/\/www.yespara.tn\/index.php?rest_route=\/wp\/v2\/product"}],"about":[{"href":"http:\/\/www.yespara.tn\/index.php?rest_route=\/wp\/v2\/types\/product"}],"replies":[{"embeddable":true,"href":"http:\/\/www.yespara.tn\/index.php?rest_route=%2Fwp%2Fv2%2Fcomments&post=3410"}],"wp:featuredmedia":[{"embeddable":true,"href":"http:\/\/www.yespara.tn\/index.php?rest_route=\/wp\/v2\/media\/3409"}],"wp:attachment":[{"href":"http:\/\/www.yespara.tn\/index.php?rest_route=%2Fwp%2Fv2%2Fmedia&parent=3410"}],"wp:term":[{"taxonomy":"product_brand","embeddable":true,"href":"http:\/\/www.yespara.tn\/index.php?rest_route=%2Fwp%2Fv2%2Fproduct_brand&post=3410"},{"taxonomy":"product_cat","embeddable":true,"href":"http:\/\/www.yespara.tn\/index.php?rest_route=%2Fwp%2Fv2%2Fproduct_cat&post=3410"},{"taxonomy":"product_tag","embeddable":true,"href":"http:\/\/www.yespara.tn\/index.php?rest_route=%2Fwp%2Fv2%2Fproduct_tag&post=3410"}],"curies":[{"name":"wp","href":"https:\/\/api.w.org\/{rel}","templated":true}]}}