{"id":3406,"date":"2026-02-28T11:12:52","date_gmt":"2026-02-28T10:12:52","guid":{"rendered":"http:\/\/198.46.190.232\/mypara\/?product=puralia-soin-de-nuit-50-ml"},"modified":"2026-03-31T18:28:00","modified_gmt":"2026-03-31T17:28:00","slug":"puralia-soin-de-nuit-50-ml","status":"publish","type":"product","link":"http:\/\/www.yespara.tn\/?product=puralia-soin-de-nuit-50-ml","title":{"rendered":"PURALIA SOIN DE NUIT 50 ML"},"content":{"rendered":"<p>PURALIA SOIN DE NUIT 50 ML Gr\u00e2ce \u00e0 l\u2019association de l\u2019acide hyaluronique et l\u2019huile de p\u00e9pins de figues de barbaries aux vertus in\u00e9gal\u00e9es, la cr\u00e8me de nuit Puralia est un soin incontournable pour le bien \u00eatre de la peau. Intens\u00e9ment nourrie, la peau parait plus ferme et plus lisse. Utilisation : Appliquer chaque soir en l\u00e9gers massages sur une peau parfaitement d\u00e9maquill\u00e9e et nettoy\u00e9e. Eviter le contact avec les yeux.<\/p>\n","protected":false},"excerpt":{"rendered":"<p>PURALIA SOIN DE NUIT 50 ML Gr\u00e2ce \u00e0 l\u2019association de l\u2019acide hyaluronique et l\u2019huile de p\u00e9pins de figues de barbaries aux vertus in\u00e9gal\u00e9es, la cr\u00e8me de nuit Puralia est un soin incontournable pour le bien \u00eatre de la peau. Intens\u00e9ment nourrie, la peau parait plus ferme et plus lisse. Utilisation : Appliquer chaque soir en [&hellip;]<\/p>\n","protected":false},"featured_media":3405,"comment_status":"open","ping_status":"closed","template":"","meta":[],"product_brand":[],"product_cat":[2644],"product_tag":[],"class_list":{"0":"post-3406","1":"product","2":"type-product","3":"status-publish","4":"has-post-thumbnail","6":"product_cat-puralia-soins-visage-soins-hydratants-et-nourrissants-soins-anti-age-et-anti-rides-2","8":"first","9":"instock","10":"taxable","11":"shipping-taxable","12":"purchasable","13":"product-type-simple"},"_links":{"self":[{"href":"http:\/\/www.yespara.tn\/index.php?rest_route=\/wp\/v2\/product\/3406","targetHints":{"allow":["GET"]}}],"collection":[{"href":"http:\/\/www.yespara.tn\/index.php?rest_route=\/wp\/v2\/product"}],"about":[{"href":"http:\/\/www.yespara.tn\/index.php?rest_route=\/wp\/v2\/types\/product"}],"replies":[{"embeddable":true,"href":"http:\/\/www.yespara.tn\/index.php?rest_route=%2Fwp%2Fv2%2Fcomments&post=3406"}],"wp:featuredmedia":[{"embeddable":true,"href":"http:\/\/www.yespara.tn\/index.php?rest_route=\/wp\/v2\/media\/3405"}],"wp:attachment":[{"href":"http:\/\/www.yespara.tn\/index.php?rest_route=%2Fwp%2Fv2%2Fmedia&parent=3406"}],"wp:term":[{"taxonomy":"product_brand","embeddable":true,"href":"http:\/\/www.yespara.tn\/index.php?rest_route=%2Fwp%2Fv2%2Fproduct_brand&post=3406"},{"taxonomy":"product_cat","embeddable":true,"href":"http:\/\/www.yespara.tn\/index.php?rest_route=%2Fwp%2Fv2%2Fproduct_cat&post=3406"},{"taxonomy":"product_tag","embeddable":true,"href":"http:\/\/www.yespara.tn\/index.php?rest_route=%2Fwp%2Fv2%2Fproduct_tag&post=3406"}],"curies":[{"name":"wp","href":"https:\/\/api.w.org\/{rel}","templated":true}]}}