{"id":3404,"date":"2026-02-28T11:12:51","date_gmt":"2026-02-28T10:12:51","guid":{"rendered":"http:\/\/198.46.190.232\/mypara\/?product=puralia-lait-demaquillant-douceur-150-ml"},"modified":"2026-03-31T18:28:00","modified_gmt":"2026-03-31T17:28:00","slug":"puralia-lait-demaquillant-douceur-150-ml","status":"publish","type":"product","link":"http:\/\/www.yespara.tn\/?product=puralia-lait-demaquillant-douceur-150-ml","title":{"rendered":"PURALIA LAIT D\u00c9MAQUILLANT DOUCEUR 150 ML"},"content":{"rendered":"<p>\ud83c\udf3f DESCRIPTION : Cr\u00e8me de Douche Gommante PURALIA \u2013 150ML \ud83c\udf31 Adapt\u00e9 \u00e0 tous les types de peaux, m\u00eame les sensibles . \ud83e\uddf4 Formule riche en : Glyc\u00e9rine v\u00e9g\u00e9tale Huile d\u2019olive bio \ud83c\udf30 Micro-grains de noyaux d\u2019olives : \u274c \u00c9liminent les cellules mortes et impuret\u00e9s. \ud83d\udd04 Stimulent le renouvellement cellulaire . \ud83e\uddf4 Comment l\u2019utiliser ? 1\ufe0f\u20e3 Fr\u00e9quence : 1 \u00e0 2 fois par semaine. 2\ufe0f\u20e3 \u00c9tapes : Appliquer sur le corps humidifi\u00e9 . \ud83c\udf00 Masser par mouvements circulaires en insistant sur les zones rugueuses. Rincer abondamment. 3\ufe0f\u20e3 Astuce : Utiliser avant le lait corporel PURALIA pour maximiser l\u2019hydratation. \ud83d\udeab Pr\u00e9caution : En cas de contact avec les yeux, rincer soigneusement. \ud83e\uddea Composition INCI 97,4% d\u2019ingr\u00e9dients d\u2019origine naturelle. 13,2% issus de l\u2019Agriculture Biologique. \ud83c\udf3e Ingr\u00e9dients issus de l\u2019Agriculture Biologique. \ud83c\udf3f Transform\u00e9s \u00e0 partir d\u2019ingr\u00e9dients biologiques.<\/p>\n","protected":false},"excerpt":{"rendered":"<p>\ud83c\udf3f PURALIA Cr\u00e8me de Douche Gommante \u2013 150ML \u2728 Effets : \ud83d\udd04 Exfolie en douceur. \ud83d\udca7 Adoucit la peau. \u274c \u00c9limine les cellules mortes et impuret\u00e9s. \ud83c\udf1f Stimule le renouvellement cellulaire. \ud83e\udd0d Convient \u00e0 : \u2705 Tous types de peaux, m\u00eame les sensibles .<\/p>\n","protected":false},"featured_media":3403,"comment_status":"open","ping_status":"closed","template":"","meta":[],"product_brand":[],"product_cat":[2128,2640,2596,2641],"product_tag":[],"class_list":{"0":"post-3404","1":"product","2":"type-product","3":"status-publish","4":"has-post-thumbnail","6":"product_cat-demaquillants","7":"product_cat-lait-nettoyants-visage","8":"product_cat-mousse","9":"product_cat-puralia","11":"first","12":"instock","13":"taxable","14":"shipping-taxable","15":"purchasable","16":"product-type-simple"},"_links":{"self":[{"href":"http:\/\/www.yespara.tn\/index.php?rest_route=\/wp\/v2\/product\/3404","targetHints":{"allow":["GET"]}}],"collection":[{"href":"http:\/\/www.yespara.tn\/index.php?rest_route=\/wp\/v2\/product"}],"about":[{"href":"http:\/\/www.yespara.tn\/index.php?rest_route=\/wp\/v2\/types\/product"}],"replies":[{"embeddable":true,"href":"http:\/\/www.yespara.tn\/index.php?rest_route=%2Fwp%2Fv2%2Fcomments&post=3404"}],"wp:featuredmedia":[{"embeddable":true,"href":"http:\/\/www.yespara.tn\/index.php?rest_route=\/wp\/v2\/media\/3403"}],"wp:attachment":[{"href":"http:\/\/www.yespara.tn\/index.php?rest_route=%2Fwp%2Fv2%2Fmedia&parent=3404"}],"wp:term":[{"taxonomy":"product_brand","embeddable":true,"href":"http:\/\/www.yespara.tn\/index.php?rest_route=%2Fwp%2Fv2%2Fproduct_brand&post=3404"},{"taxonomy":"product_cat","embeddable":true,"href":"http:\/\/www.yespara.tn\/index.php?rest_route=%2Fwp%2Fv2%2Fproduct_cat&post=3404"},{"taxonomy":"product_tag","embeddable":true,"href":"http:\/\/www.yespara.tn\/index.php?rest_route=%2Fwp%2Fv2%2Fproduct_tag&post=3404"}],"curies":[{"name":"wp","href":"https:\/\/api.w.org\/{rel}","templated":true}]}}