{"id":3370,"date":"2026-02-28T11:12:23","date_gmt":"2026-02-28T10:12:23","guid":{"rendered":"http:\/\/198.46.190.232\/mypara\/?product=noreva-exfoliac-eau-micellaire-nettoyante-demaquillante-400-ml"},"modified":"2026-03-31T18:28:01","modified_gmt":"2026-03-31T17:28:01","slug":"noreva-exfoliac-eau-micellaire-nettoyante-demaquillante-400-ml","status":"publish","type":"product","link":"http:\/\/www.yespara.tn\/?product=noreva-exfoliac-eau-micellaire-nettoyante-demaquillante-400-ml","title":{"rendered":"NOREVA EXFOLIAC EAU MICELLAIRE NETTOYANTE DEMAQUILLANTE 400 ML"},"content":{"rendered":"","protected":false},"excerpt":{"rendered":"<p>EAU MICELLAIRE NETTOYANTE D\u00c9MAQUILLANTE EXFOLIANTE \ud83d\udca6\u2728 \ud83c\udf1f Le geste essentiel pour une peau nette et \u00e9quilibr\u00e9e ! \ud83c\udf1f Cette eau micellaire 3-en-1 est sp\u00e9cialement formul\u00e9e pour les peaux \u00e0 imperfections . Elle nettoie, d\u00e9maquille et exfolie en douceur tout en r\u00e9gulant la production de s\u00e9bum. Gr\u00e2ce \u00e0 sa composition enrichie en actifs purifiants et hydratants, elle laisse la peau fra\u00eeche, douce et \u00e9clatante .<\/p>\n","protected":false},"featured_media":3369,"comment_status":"open","ping_status":"closed","template":"","meta":[],"product_brand":[],"product_cat":[2128,2170,2543],"product_tag":[],"class_list":{"0":"post-3370","1":"product","2":"type-product","3":"status-publish","4":"has-post-thumbnail","6":"product_cat-demaquillants","7":"product_cat-eau-tonique","8":"product_cat-noreva-soins-visage-lotion","10":"first","11":"instock","12":"taxable","13":"shipping-taxable","14":"purchasable","15":"product-type-simple"},"_links":{"self":[{"href":"http:\/\/www.yespara.tn\/index.php?rest_route=\/wp\/v2\/product\/3370","targetHints":{"allow":["GET"]}}],"collection":[{"href":"http:\/\/www.yespara.tn\/index.php?rest_route=\/wp\/v2\/product"}],"about":[{"href":"http:\/\/www.yespara.tn\/index.php?rest_route=\/wp\/v2\/types\/product"}],"replies":[{"embeddable":true,"href":"http:\/\/www.yespara.tn\/index.php?rest_route=%2Fwp%2Fv2%2Fcomments&post=3370"}],"wp:featuredmedia":[{"embeddable":true,"href":"http:\/\/www.yespara.tn\/index.php?rest_route=\/wp\/v2\/media\/3369"}],"wp:attachment":[{"href":"http:\/\/www.yespara.tn\/index.php?rest_route=%2Fwp%2Fv2%2Fmedia&parent=3370"}],"wp:term":[{"taxonomy":"product_brand","embeddable":true,"href":"http:\/\/www.yespara.tn\/index.php?rest_route=%2Fwp%2Fv2%2Fproduct_brand&post=3370"},{"taxonomy":"product_cat","embeddable":true,"href":"http:\/\/www.yespara.tn\/index.php?rest_route=%2Fwp%2Fv2%2Fproduct_cat&post=3370"},{"taxonomy":"product_tag","embeddable":true,"href":"http:\/\/www.yespara.tn\/index.php?rest_route=%2Fwp%2Fv2%2Fproduct_tag&post=3370"}],"curies":[{"name":"wp","href":"https:\/\/api.w.org\/{rel}","templated":true}]}}