{"id":3344,"date":"2026-02-28T11:12:05","date_gmt":"2026-02-28T10:12:05","guid":{"rendered":"http:\/\/198.46.190.232\/mypara\/?product=uriage-bariesun-lait-solaire-soyeux-spf-50-100-ml"},"modified":"2026-03-31T18:28:03","modified_gmt":"2026-03-31T17:28:03","slug":"uriage-bariesun-lait-solaire-soyeux-spf-50-100-ml","status":"publish","type":"product","link":"http:\/\/www.yespara.tn\/?product=uriage-bariesun-lait-solaire-soyeux-spf-50-100-ml","title":{"rendered":"URIAGE BARIESUN LAIT SOLAIRE SOYEUX SPF 50+ \/100 ML"},"content":{"rendered":"","protected":false},"excerpt":{"rendered":"<p>Uriage Bari\u00e9sun lait soyeux combine un complexe filtrant tr\u00e8s performant et deux brevets dermatologiques pour prot\u00e9ger la peau, pr\u00e9venir les dommages cellulaires et le photo-vieillissement induits par les UVA, UVB et la lumi\u00e8re bleue.<\/p>\n","protected":false},"featured_media":3343,"comment_status":"open","ping_status":"closed","template":"","meta":[],"product_brand":[],"product_cat":[2587],"product_tag":[],"class_list":{"0":"post-3344","1":"product","2":"type-product","3":"status-publish","4":"has-post-thumbnail","6":"product_cat-uriage-soins-visage-soins-solaires-soins-anti-age-et-anti-rides-cremes-solaires","8":"first","9":"instock","10":"taxable","11":"shipping-taxable","12":"purchasable","13":"product-type-simple"},"_links":{"self":[{"href":"http:\/\/www.yespara.tn\/index.php?rest_route=\/wp\/v2\/product\/3344","targetHints":{"allow":["GET"]}}],"collection":[{"href":"http:\/\/www.yespara.tn\/index.php?rest_route=\/wp\/v2\/product"}],"about":[{"href":"http:\/\/www.yespara.tn\/index.php?rest_route=\/wp\/v2\/types\/product"}],"replies":[{"embeddable":true,"href":"http:\/\/www.yespara.tn\/index.php?rest_route=%2Fwp%2Fv2%2Fcomments&post=3344"}],"wp:featuredmedia":[{"embeddable":true,"href":"http:\/\/www.yespara.tn\/index.php?rest_route=\/wp\/v2\/media\/3343"}],"wp:attachment":[{"href":"http:\/\/www.yespara.tn\/index.php?rest_route=%2Fwp%2Fv2%2Fmedia&parent=3344"}],"wp:term":[{"taxonomy":"product_brand","embeddable":true,"href":"http:\/\/www.yespara.tn\/index.php?rest_route=%2Fwp%2Fv2%2Fproduct_brand&post=3344"},{"taxonomy":"product_cat","embeddable":true,"href":"http:\/\/www.yespara.tn\/index.php?rest_route=%2Fwp%2Fv2%2Fproduct_cat&post=3344"},{"taxonomy":"product_tag","embeddable":true,"href":"http:\/\/www.yespara.tn\/index.php?rest_route=%2Fwp%2Fv2%2Fproduct_tag&post=3344"}],"curies":[{"name":"wp","href":"https:\/\/api.w.org\/{rel}","templated":true}]}}