{"id":3342,"date":"2026-02-28T11:12:00","date_gmt":"2026-02-28T10:12:00","guid":{"rendered":"http:\/\/198.46.190.232\/mypara\/?product=uriage-eau-thermale-serum-booster-h-a-30ml"},"modified":"2026-03-31T18:28:03","modified_gmt":"2026-03-31T17:28:03","slug":"uriage-eau-thermale-serum-booster-h-a-30ml","status":"publish","type":"product","link":"http:\/\/www.yespara.tn\/?product=uriage-eau-thermale-serum-booster-h-a-30ml","title":{"rendered":"URIAGE EAU THERMALE SERUM BOOSTER H.A 30ML"},"content":{"rendered":"","protected":false},"excerpt":{"rendered":"<p>Ce s\u00e9rum booster H.A contenant 1,5% d\u2019Acide Hyaluronique Pur et Naturel agit sur les signes de d\u00e9shydratation (ridules, inconfort, teint terne\u2026). Sa texture confortable et ultra-l\u00e9gere fond sur la peau pour restaurer les m\u00e9canismes naturels de l\u2019hydratation. A la cl\u00e9 [1 SHOT \u2013 3 RESULTATS], la peau est repulp\u00e9e, liss\u00e9e et hydrat\u00e9e. Il am\u00e9liore la qualit\u00e9 de la peau pour un v\u00e9ritable effet peau de p\u00eache.<\/p>\n","protected":false},"featured_media":3341,"comment_status":"open","ping_status":"closed","template":"","meta":[],"product_brand":[],"product_cat":[2586],"product_tag":[],"class_list":{"0":"post-3342","1":"product","2":"type-product","3":"status-publish","4":"has-post-thumbnail","6":"product_cat-uriage-toutes-peaux-soins-visage-soins-hydratants-et-nourrissants-peaux-sensibles-peaux-seches-peaux-normales-a-mixtes-peaux-intolerantes","8":"first","9":"instock","10":"taxable","11":"shipping-taxable","12":"purchasable","13":"product-type-simple"},"_links":{"self":[{"href":"http:\/\/www.yespara.tn\/index.php?rest_route=\/wp\/v2\/product\/3342","targetHints":{"allow":["GET"]}}],"collection":[{"href":"http:\/\/www.yespara.tn\/index.php?rest_route=\/wp\/v2\/product"}],"about":[{"href":"http:\/\/www.yespara.tn\/index.php?rest_route=\/wp\/v2\/types\/product"}],"replies":[{"embeddable":true,"href":"http:\/\/www.yespara.tn\/index.php?rest_route=%2Fwp%2Fv2%2Fcomments&post=3342"}],"wp:featuredmedia":[{"embeddable":true,"href":"http:\/\/www.yespara.tn\/index.php?rest_route=\/wp\/v2\/media\/3341"}],"wp:attachment":[{"href":"http:\/\/www.yespara.tn\/index.php?rest_route=%2Fwp%2Fv2%2Fmedia&parent=3342"}],"wp:term":[{"taxonomy":"product_brand","embeddable":true,"href":"http:\/\/www.yespara.tn\/index.php?rest_route=%2Fwp%2Fv2%2Fproduct_brand&post=3342"},{"taxonomy":"product_cat","embeddable":true,"href":"http:\/\/www.yespara.tn\/index.php?rest_route=%2Fwp%2Fv2%2Fproduct_cat&post=3342"},{"taxonomy":"product_tag","embeddable":true,"href":"http:\/\/www.yespara.tn\/index.php?rest_route=%2Fwp%2Fv2%2Fproduct_tag&post=3342"}],"curies":[{"name":"wp","href":"https:\/\/api.w.org\/{rel}","templated":true}]}}