{"id":3340,"date":"2026-02-28T11:11:58","date_gmt":"2026-02-28T10:11:58","guid":{"rendered":"http:\/\/198.46.190.232\/mypara\/?product=uriage-soin-d%ca%b9eau-contour-des-yeux"},"modified":"2026-03-31T18:28:03","modified_gmt":"2026-03-31T17:28:03","slug":"uriage-soin-d%ca%b9eau-contour-des-yeux","status":"publish","type":"product","link":"http:\/\/www.yespara.tn\/?product=uriage-soin-d%ca%b9eau-contour-des-yeux","title":{"rendered":"URIAGE SOIN D\u02b9EAU CONTOUR DES YEUX"},"content":{"rendered":"","protected":false},"excerpt":{"rendered":"<p>L\u2019effet d\u00e9froissant de ce Soin d\u2019Eau diminue l\u2019apparence des ridules de d\u00e9shydratation. L\u2019apparence des cernes est r\u00e9duite tout en conf\u00e9rant une sensation de fra\u00eecheur. Ce soin hydrate l\u2019\u00e9piderme d\u00e9licat du contour des yeux.<\/p>\n","protected":false},"featured_media":3339,"comment_status":"open","ping_status":"closed","template":"","meta":[],"product_brand":[],"product_cat":[2579],"product_tag":[],"class_list":{"0":"post-3340","1":"product","2":"type-product","3":"status-publish","4":"has-post-thumbnail","6":"product_cat-uriage-yeux-et-levres-soins-visage-contour-des-yeux","8":"first","9":"instock","10":"taxable","11":"shipping-taxable","12":"purchasable","13":"product-type-simple"},"_links":{"self":[{"href":"http:\/\/www.yespara.tn\/index.php?rest_route=\/wp\/v2\/product\/3340","targetHints":{"allow":["GET"]}}],"collection":[{"href":"http:\/\/www.yespara.tn\/index.php?rest_route=\/wp\/v2\/product"}],"about":[{"href":"http:\/\/www.yespara.tn\/index.php?rest_route=\/wp\/v2\/types\/product"}],"replies":[{"embeddable":true,"href":"http:\/\/www.yespara.tn\/index.php?rest_route=%2Fwp%2Fv2%2Fcomments&post=3340"}],"wp:featuredmedia":[{"embeddable":true,"href":"http:\/\/www.yespara.tn\/index.php?rest_route=\/wp\/v2\/media\/3339"}],"wp:attachment":[{"href":"http:\/\/www.yespara.tn\/index.php?rest_route=%2Fwp%2Fv2%2Fmedia&parent=3340"}],"wp:term":[{"taxonomy":"product_brand","embeddable":true,"href":"http:\/\/www.yespara.tn\/index.php?rest_route=%2Fwp%2Fv2%2Fproduct_brand&post=3340"},{"taxonomy":"product_cat","embeddable":true,"href":"http:\/\/www.yespara.tn\/index.php?rest_route=%2Fwp%2Fv2%2Fproduct_cat&post=3340"},{"taxonomy":"product_tag","embeddable":true,"href":"http:\/\/www.yespara.tn\/index.php?rest_route=%2Fwp%2Fv2%2Fproduct_tag&post=3340"}],"curies":[{"name":"wp","href":"https:\/\/api.w.org\/{rel}","templated":true}]}}