{"id":3336,"date":"2026-02-28T11:11:54","date_gmt":"2026-02-28T10:11:54","guid":{"rendered":"http:\/\/198.46.190.232\/mypara\/?product=uriage-hyseac-pate-sos-soin-local-15g"},"modified":"2026-03-31T18:28:03","modified_gmt":"2026-03-31T17:28:03","slug":"uriage-hyseac-pate-sos-soin-local-15g","status":"publish","type":"product","link":"http:\/\/www.yespara.tn\/?product=uriage-hyseac-pate-sos-soin-local-15g","title":{"rendered":"URIAGE HYSEAC pate sos soin local 15G"},"content":{"rendered":"","protected":false},"excerpt":{"rendered":"<p>La p\u00e2te SOS soin local, agit d\u00e8s la premi\u00e8re nuit en acc\u00e9l\u00e9rant le processus de maturation des boutons pour les faire disparaitre rapidement.<\/p>\n","protected":false},"featured_media":3335,"comment_status":"open","ping_status":"closed","template":"","meta":[],"product_brand":[],"product_cat":[2140,2577],"product_tag":[],"class_list":{"0":"post-3336","1":"product","2":"type-product","3":"status-publish","4":"has-post-thumbnail","6":"product_cat-soins-peau-grasse","7":"product_cat-uriage-soins-visage-soins-peaux-grasses-acneiques-soins-peaux-a-imperfections","9":"first","10":"instock","11":"taxable","12":"shipping-taxable","13":"purchasable","14":"product-type-simple"},"_links":{"self":[{"href":"http:\/\/www.yespara.tn\/index.php?rest_route=\/wp\/v2\/product\/3336","targetHints":{"allow":["GET"]}}],"collection":[{"href":"http:\/\/www.yespara.tn\/index.php?rest_route=\/wp\/v2\/product"}],"about":[{"href":"http:\/\/www.yespara.tn\/index.php?rest_route=\/wp\/v2\/types\/product"}],"replies":[{"embeddable":true,"href":"http:\/\/www.yespara.tn\/index.php?rest_route=%2Fwp%2Fv2%2Fcomments&post=3336"}],"wp:featuredmedia":[{"embeddable":true,"href":"http:\/\/www.yespara.tn\/index.php?rest_route=\/wp\/v2\/media\/3335"}],"wp:attachment":[{"href":"http:\/\/www.yespara.tn\/index.php?rest_route=%2Fwp%2Fv2%2Fmedia&parent=3336"}],"wp:term":[{"taxonomy":"product_brand","embeddable":true,"href":"http:\/\/www.yespara.tn\/index.php?rest_route=%2Fwp%2Fv2%2Fproduct_brand&post=3336"},{"taxonomy":"product_cat","embeddable":true,"href":"http:\/\/www.yespara.tn\/index.php?rest_route=%2Fwp%2Fv2%2Fproduct_cat&post=3336"},{"taxonomy":"product_tag","embeddable":true,"href":"http:\/\/www.yespara.tn\/index.php?rest_route=%2Fwp%2Fv2%2Fproduct_tag&post=3336"}],"curies":[{"name":"wp","href":"https:\/\/api.w.org\/{rel}","templated":true}]}}